{"id":5101,"date":"2024-02-07T19:38:20","date_gmt":"2024-02-07T18:38:20","guid":{"rendered":"https:\/\/www.maratondebno.pl\/?page_id=5101"},"modified":"2024-02-07T19:38:22","modified_gmt":"2024-02-07T18:38:22","slug":"aktualni-rekordzisci-maratonu-debno","status":"publish","type":"page","link":"https:\/\/www.maratondebno.pl\/de\/aktualni-rekordzisci-maratonu-debno\/","title":{"rendered":"Aktuelle Rekordhalter des D\u0119bno-Marathons"},"content":{"rendered":"<p>Vor dem Start eines Marathons setzen sich die meisten L\u00e4ufer das Ziel, ihre pers\u00f6nliche Bestzeit um mindestens eine Sekunde zu unterbieten. Es gibt auch einen Teil der Marathonl\u00e4ufer, f\u00fcr die die Erlangung der besonderen Auszeichnung \u201eKrone des polnischen Marathons\u201c ein gro\u00dfer Erfolg ist. Nationale Spitzenl\u00e4ufer tr\u00e4umen davon, einen neuen polnischen Rekord aufzustellen und Meistertitel zu gewinnen, und Leistungssportler tr\u00e4umen davon, weitere Medaillen zu gewinnen und den Rekord des D\u0119bno-Marathons zu brechen, denn jedes Jahr bereiten die Organisatoren recht hohe Geldpreise vor.&nbsp;&nbsp;&nbsp;&nbsp;&nbsp;&nbsp;&nbsp;&nbsp;&nbsp;&nbsp;&nbsp;&nbsp;&nbsp;&nbsp;&nbsp;&nbsp;&nbsp;&nbsp;&nbsp;&nbsp;&nbsp;&nbsp;&nbsp;&nbsp;&nbsp;&nbsp;&nbsp;&nbsp;&nbsp;&nbsp;&nbsp;&nbsp;&nbsp;&nbsp;&nbsp;&nbsp;&nbsp;&nbsp;&nbsp;&nbsp;&nbsp;&nbsp;&nbsp;&nbsp;&nbsp;&nbsp;&nbsp;&nbsp;&nbsp;&nbsp;&nbsp;&nbsp;&nbsp;&nbsp;&nbsp;&nbsp;&nbsp;&nbsp;&nbsp;&nbsp;&nbsp;&nbsp;&nbsp;&nbsp;&nbsp;&nbsp;&nbsp;&nbsp;&nbsp;&nbsp;&nbsp;&nbsp;<\/p>\n\n\n\n<h2 class=\"wp-block-heading\"><strong>Rekordhalter des D\u0119bno-Marathons<\/strong><\/h2>\n\n\n\n<figure class=\"wp-block-image size-large\"><img fetchpriority=\"high\" decoding=\"async\" width=\"1024\" height=\"886\" src=\"https:\/\/www.maratondebno.pl\/wp-content\/uploads\/2024\/02\/Aleksandra-Lisowska-1024x886.jpg\" alt=\"\" class=\"wp-image-5102\" srcset=\"https:\/\/www.maratondebno.pl\/wp-content\/uploads\/2024\/02\/Aleksandra-Lisowska-1024x886.jpg 1024w, https:\/\/www.maratondebno.pl\/wp-content\/uploads\/2024\/02\/Aleksandra-Lisowska-300x260.jpg 300w, https:\/\/www.maratondebno.pl\/wp-content\/uploads\/2024\/02\/Aleksandra-Lisowska-768x664.jpg 768w, https:\/\/www.maratondebno.pl\/wp-content\/uploads\/2024\/02\/Aleksandra-Lisowska-14x12.jpg 14w, https:\/\/www.maratondebno.pl\/wp-content\/uploads\/2024\/02\/Aleksandra-Lisowska.jpg 1363w\" sizes=\"(max-width: 1024px) 100vw, 1024px\" \/><\/figure>\n\n\n\n<p>Aleksandra Lisowska hat den 47. D\u0119bno-Marathon 2021 mit einer Zeit von 2:26:08 zweifelsohne gewonnen und damit nicht nur den Titel der nationalen Meisterin aus dem letzten Jahr verteidigt, sondern vor allem den polnischen Rekord von Ma\u0142gorzata Soba\u0144ska aus dem Jahr 2001 in Chicago eingestellt. Das Ergebnis des Siegers des Rennens stellte auch einen neuen Rekord f\u00fcr den D\u0119bno-Marathon dar, der seit 2003 Gra\u017cyna Syrek geh\u00f6rte<\/p>\n\n\n\n<h2 class=\"wp-block-heading\"><strong>Rekordhalter des D\u0119bno-Marathons<\/strong><\/h2>\n\n\n\n<figure class=\"wp-block-image size-large\"><img decoding=\"async\" width=\"1024\" height=\"684\" src=\"https:\/\/www.maratondebno.pl\/wp-content\/uploads\/2024\/02\/Cosmas-Mutuku-Kyeva-1024x684.jpg\" alt=\"\" class=\"wp-image-5103\" srcset=\"https:\/\/www.maratondebno.pl\/wp-content\/uploads\/2024\/02\/Cosmas-Mutuku-Kyeva-1024x684.jpg 1024w, https:\/\/www.maratondebno.pl\/wp-content\/uploads\/2024\/02\/Cosmas-Mutuku-Kyeva-300x200.jpg 300w, https:\/\/www.maratondebno.pl\/wp-content\/uploads\/2024\/02\/Cosmas-Mutuku-Kyeva-768x513.jpg 768w, https:\/\/www.maratondebno.pl\/wp-content\/uploads\/2024\/02\/Cosmas-Mutuku-Kyeva-1536x1026.jpg 1536w, https:\/\/www.maratondebno.pl\/wp-content\/uploads\/2024\/02\/Cosmas-Mutuku-Kyeva-18x12.jpg 18w, https:\/\/www.maratondebno.pl\/wp-content\/uploads\/2024\/02\/Cosmas-Mutuku-Kyeva.jpg 2000w\" sizes=\"(max-width: 1024px) 100vw, 1024px\" \/><\/figure>\n\n\n\n<p>Am 6. April 2014 machten sich 2.125 Teilnehmer, darunter 239 Frauen, auf den Weg zur Strecke des 41. D\u0119bno-Marathons. Eine Gruppe von L\u00e4ufern aus Kenia, der Ukraine und \u00c4thiopien stand von Beginn des Rennens an der Spitze. Mutuku Kyeva Cosmas, eine Teilnehmerin aus Kenia, \u00fcberquerte als Erste die Ziellinie mit einer Zeit von 2:09:57. Damit \u00fcbertraf er nach 28 Jahren den D\u0119bno-Marathon-Rekord um 37 Sekunden. geh\u00f6rt Antoni Niemczak.<\/p>\n\n\n\n<p><strong>Tabelle 1<\/strong>. Entwicklung des D\u0119bno-Marathon-Rekords in der Kategorie Frauen.<\/p>\n\n\n\n<figure class=\"wp-block-table\"><table><tbody><tr><td><strong><em>Ergebnis<\/em><\/strong><\/td><td><strong><em>Vorname und Nachname<\/em><\/strong><\/td><td><strong><em>Jahr.<\/em><\/strong><\/td><td><strong><em>Country-Club-Stadt<\/em><\/strong><\/td><td><strong><em>Datum<\/em><\/strong><\/td><\/tr><tr><td>2:41:57<\/td><td>Vahlensieck Christa<\/td><td>1949<\/td><td>West Deutschland<\/td><td>27. Mai 1979<\/td><\/tr><tr><td>2:40:46<\/td><td>Rulcova Vlast<\/td><td>1944<\/td><td>CSRS<\/td><td>25. April 1982<\/td><\/tr><tr><td>2:38:51<\/td><td>Urbanova Jarmila<\/td><td>1950<\/td><td>CSRS<\/td><td>1. Mai 1983<\/td><\/tr><tr><td>2:36:31<\/td><td>Melicherova Ludmila<\/td><td>1964<\/td><td>CSRS<\/td><td>6. Mai 1984<\/td><\/tr><tr><td>2:32:30<\/td><td>Walendziak Renata<\/td><td>1950<\/td><td>Baltisches Gdynia<\/td><td>6. April 1986<\/td><\/tr><tr><td>2:32:23<\/td><td>Panfil Wanda<\/td><td>1959<\/td><td>Lechia Tomasz\u00f3w<\/td><td>27. M\u00e4rz 1988<\/td><\/tr><tr><td>2:32:09<\/td><td>Syrek Gra\u017cyna<\/td><td>1972<\/td><td>Olimpia Posen<\/td><td>13. April 2003<\/td><\/tr><tr><td><strong>2:26:08<\/strong><\/td><td><strong>Aleksandra Lisowska<\/strong><\/td><td><strong>1990<\/strong><\/td><td><strong>UWM Olsztyn<\/strong><\/td><td><strong>18. April 2021<\/strong><\/td><\/tr><\/tbody><\/table><\/figure>\n\n\n\n<p><strong>Tabelle 2.<\/strong> Entwicklung des D\u0119bno-Marathon-Rekords in der Kategorie M\u00e4nner.<\/p>\n\n\n\n<figure class=\"wp-block-table\"><table><tbody><tr><td><strong><em>Ergebnis<\/em><\/strong><\/td><td><strong><em>Vorname und Nachname<\/em><\/strong><\/td><td><strong><em>Jahr.<\/em><\/strong><\/td><td><strong><em>Country-Club-Stadt<\/em><\/strong><\/td><td><strong><em>Datum<\/em><\/strong><\/td><\/tr><tr><td>2:21:18<\/td><td>Gro\u00dfartiger Yuri<\/td><td>1942<\/td><td>UdSSR<\/td><td>22. Juli 1969<\/td><\/tr><tr><td>2:21:10<\/td><td>Stawiarz Edward<\/td><td>1940<\/td><td>Wawel Krakau<\/td><td>4. Juli 1971<\/td><\/tr><tr><td>2:18:36<\/td><td>Stawiarz Edward<\/td><td>1940<\/td><td>Wawel Krakau<\/td><td>24. Juni 1972<\/td><\/tr><tr><td>2:16:08<\/td><td>Truppel Joachim<\/td><td>1951<\/td><td>DDR<\/td><td>17. Juni 1973<\/td><\/tr><tr><td>2:12:35<\/td><td>HillRonald<\/td><td>1938<\/td><td>Gro\u00dfbritannien<\/td><td>15. Juni 1975<\/td><\/tr><tr><td>2:12:20<\/td><td>Moissejew Leonid<\/td><td>1952<\/td><td>UdSSR<\/td><td>16. Mai 1976<\/td><\/tr><tr><td>2:10:34<\/td><td>Antoni Niemczak<\/td><td>1955<\/td><td>Schlesien Breslau<\/td><td>6. April 1986<\/td><\/tr><tr><td><strong>2:09:57<\/strong><\/td><td><strong>Kyeva Cosmas Mutuku<\/strong><\/td><td><strong>1985<\/strong><\/td><td><strong>Kenia<\/strong><\/td><td><strong>04.06.2014<\/strong><\/td><\/tr><\/tbody><\/table><\/figure>\n\n\n\n<p>&nbsp;&nbsp;&nbsp;&nbsp;&nbsp;&nbsp;&nbsp;&nbsp;&nbsp;&nbsp;&nbsp;&nbsp;&nbsp;&nbsp;&nbsp;&nbsp;&nbsp;&nbsp;&nbsp;&nbsp;&nbsp;&nbsp;&nbsp;&nbsp;&nbsp;&nbsp;&nbsp;&nbsp;&nbsp;&nbsp;&nbsp;&nbsp;&nbsp;&nbsp;&nbsp;&nbsp;&nbsp;&nbsp;&nbsp;&nbsp;&nbsp;&nbsp;&nbsp;&nbsp;&nbsp;&nbsp;&nbsp;&nbsp;&nbsp;&nbsp;&nbsp;&nbsp;&nbsp;&nbsp;&nbsp;&nbsp;&nbsp;&nbsp;&nbsp;&nbsp;&nbsp;&nbsp;&nbsp;&nbsp;&nbsp;&nbsp;&nbsp;&nbsp;&nbsp;&nbsp;&nbsp;&nbsp;&nbsp;&nbsp;&nbsp;&nbsp;&nbsp;&nbsp;&nbsp;&nbsp;&nbsp;&nbsp;&nbsp;&nbsp;&nbsp;&nbsp;&nbsp;&nbsp;&nbsp;&nbsp;&nbsp;&nbsp;&nbsp;&nbsp;&nbsp;&nbsp;&nbsp;&nbsp;&nbsp;&nbsp;&nbsp;&nbsp;&nbsp;&nbsp;&nbsp; Anna Witkowska<\/p>","protected":false},"excerpt":{"rendered":"<p>Vor dem Start eines Marathons setzen sich die meisten Teilnehmer das Ziel, ihre pers\u00f6nliche Bestzeit um mindestens eine Sekunde zu verbessern. Es gibt auch eine Gruppe von Marathonl\u00e4ufern, f\u00fcr die der Gewinn der besonderen Auszeichnung \u201eKrone der polnischen Marathons\u201c ein gro\u00dfer Erfolg ist. L\u00e4ufer der Top-Nationalmannschaften tr\u00e4umen davon, einen neuen polnischen Rekord aufzustellen und Meistertitel zu gewinnen, und Sportler tr\u00e4umen davon, mehr Medaillen zu gewinnen und [\u2026]<\/p>","protected":false},"author":1,"featured_media":0,"parent":0,"menu_order":0,"comment_status":"closed","ping_status":"closed","template":"","meta":{"footnotes":""},"_links":{"self":[{"href":"https:\/\/www.maratondebno.pl\/de\/wp-json\/wp\/v2\/pages\/5101"}],"collection":[{"href":"https:\/\/www.maratondebno.pl\/de\/wp-json\/wp\/v2\/pages"}],"about":[{"href":"https:\/\/www.maratondebno.pl\/de\/wp-json\/wp\/v2\/types\/page"}],"author":[{"embeddable":true,"href":"https:\/\/www.maratondebno.pl\/de\/wp-json\/wp\/v2\/users\/1"}],"replies":[{"embeddable":true,"href":"https:\/\/www.maratondebno.pl\/de\/wp-json\/wp\/v2\/comments?post=5101"}],"version-history":[{"count":1,"href":"https:\/\/www.maratondebno.pl\/de\/wp-json\/wp\/v2\/pages\/5101\/revisions"}],"predecessor-version":[{"id":5104,"href":"https:\/\/www.maratondebno.pl\/de\/wp-json\/wp\/v2\/pages\/5101\/revisions\/5104"}],"wp:attachment":[{"href":"https:\/\/www.maratondebno.pl\/de\/wp-json\/wp\/v2\/media?parent=5101"}],"curies":[{"name":"wp","href":"https:\/\/api.w.org\/{rel}","templated":true}]}}