{"id":5031,"date":"2024-01-18T09:10:13","date_gmt":"2024-01-18T08:10:13","guid":{"rendered":"https:\/\/www.maratondebno.pl\/?page_id=5031"},"modified":"2024-01-18T09:10:15","modified_gmt":"2024-01-18T08:10:15","slug":"regulamin-korony-maratonow-polskich","status":"publish","type":"page","link":"https:\/\/www.maratondebno.pl\/de\/regulamin-korony-maratonow-polskich\/","title":{"rendered":"Bestimmungen der Krone der polnischen Marathons"},"content":{"rendered":"<p><strong>\u00a7 1<\/strong><\/p>\n\n\n\n<p><strong>Veranstalter<\/strong><\/p>\n\n\n\n<p>1. Titel &quot;<strong>Eroberer<\/strong>&nbsp;<strong>Kronen der polnischen Marathons&quot;<\/strong>&nbsp;verliehen von der Stadt Krakau \u2013 der Verwaltung der Sportinfrastruktur in Krakau, dem Veranstalter des Cracovia-Marathons, im Folgenden \u201eVeranstalter\u201c genannt.<\/p>\n\n\n\n<p>2. Diese Bestimmungen legen die Regeln f\u00fcr die Vergabe des Titels des Gewinners der Krone des polnischen Marathons fest.<\/p>\n\n\n\n<p><strong>\u00a7 2<\/strong><\/p>\n\n\n\n<p><strong>Bedingungen f\u00fcr den Erhalt des Titels des Gewinners der Krone der polnischen Marathons<\/strong><\/p>\n\n\n\n<p>1. Um den Titel \u201eEroberer der Krone der polnischen Marathons\u201c zu erhalten, m\u00fcssen Sie:<\/p>\n\n\n\n<p>a. Absolvieren Sie die folgenden vier Rennen \u00fcber eine Marathondistanz von 42,195 km:<\/p>\n\n\n\n<p>\u2013 D\u0119bno-Marathon,<\/p>\n\n\n\n<p>\u2013 Cracovi\u0107-Marathon,<\/p>\n\n\n\n<p>\u2013 Warschau-Marathon,<\/p>\n\n\n\n<p>\u2013 Poznan-Marathon.<\/p>\n\n\n\n<p>b. die in \u00a7 2 Absatz genannten Studien abzuschlie\u00dfen. 1 lit. einen Marathon innerhalb von 24 Monaten, gerechnet ab dem Datum des ersten absolvierten Marathons, der in der Bewerbung um den Titel \u201eGewinner der Krone der polnischen Marathons\u201c, im Folgenden \u201eBewerbung\u201c genannt, angegeben ist,<\/p>\n\n\n\n<p>c. nach Absolvierung aller in \u00a7 2 Abs. 1 genannten Marathons 1 lit. a) einen ordnungsgem\u00e4\u00df ausgef\u00fcllten Antrag einreichen und die in \u00a7 4 genannte Geb\u00fchr entrichten,<\/p>\n\n\n\n<p>d. die positive Pr\u00fcfung des Antrages gem\u00e4\u00df \u00a7 3 bestanden hat.<\/p>\n\n\n\n<p>2. Von den Vorschriften des \u00a7 2 Abs. 1 gilt folgende Ausnahme:<\/p>\n\n\n\n<p>a. Behinderte Teilnehmer, die anstelle des D\u0119bno-Marathons im Rollstuhl starten, k\u00f6nnen aus der in Abschnitt angegebenen Liste teilnehmen. 1 lit. a) einen beliebigen Marathon w\u00e4hlen, den sie innerhalb der in \u00a7 2 Abs. 1 genannten Zeit zweimal absolvieren. 1 lit. B;<\/p>\n\n\n\n<p>3. Die Bewerbung um den Titel \u201eGewinner der Krone des polnischen Marathons\u201c kann ausschlie\u00dflich elektronisch und in der in \u00a7 2 Abs. 1 beschriebenen Weise eingereicht werden. 4 dieser Verordnung.<\/p>\n\n\n\n<p>4. Um eine Bewerbung f\u00fcr den Titel \u201eEroberer der Krone der polnischen Marathons\u201c einzureichen, ist ein Konto im Online-Registrierungssystem erforderlich, das \u00fcber die Website verf\u00fcgbar ist&nbsp;<a href=\"http:\/\/korona.zis.krakow.pl\/\" target=\"_blank\" rel=\"noopener\">www.korona.zis.krakow.pl<\/a>. Der Bewerbungsprozess kann gestartet werden<br>Nachdem Sie die Kontoregistrierungsphase erfolgreich abgeschlossen haben, melden Sie sich an und klicken Sie auf den Link<br>&quot;Bewerbung einreichen.&quot;<\/p>\n\n\n\n<p>5. Anmeldeschluss ist der 31. Dezember des Kalenderjahres, in dem der Teilnehmer seinen vierten Marathon absolviert hat; ma\u00dfgeblich ist die Frist f\u00fcr die Registrierung der Bewerbung im Online-System,<br>gem\u00e4\u00df Absatz 4. Nach Ablauf der Frist eingehende Bewerbungen werden abgelehnt.<\/p>\n\n\n\n<p>6. Zur Krone der Polnischen Marathons geh\u00f6ren nur Rennen in traditioneller Form, virtuelle Rennen sind nicht inbegriffen.<\/p>\n\n\n\n<p><strong>\u00a7 3<\/strong><\/p>\n\n\n\n<p><strong>&nbsp;\u00dcberpr\u00fcfung<\/strong><\/p>\n\n\n\n<p>1. \u00dcberpr\u00fcfung der eingereichten Antr\u00e4ge auf Verleihung des Titels &quot;<strong>Gewinner der Krone der polnischen Marathons <\/strong>wird vom Veranstalter durchgef\u00fchrt. Die Antragspr\u00fcfungszeit betr\u00e4gt bis zu 18 Wochen.<br>ab dem Datum der Registrierung des Antrags im System.<\/p>\n\n\n\n<p>2. Die \u00dcberpr\u00fcfung wird erst nach Zahlung der Geb\u00fchr gem\u00e4\u00df<br>in \u00a7 4 dieser Ordnung.<\/p>\n\n\n\n<p>3. Die \u00dcberpr\u00fcfung erfolgt ausschlie\u00dflich auf Grundlage der in \u00a7 2 Absatz 1 genannten offiziellen Listen der Marathon-Ergebnisse, die auf den Websites aller in der Krone der Polnischen Marathons enthaltenen Marathons verf\u00fcgbar sind. Falls,<br>wenn der Veranstalter die vom Teilnehmer vorgelegten Ergebnisse nicht \u00fcberpr\u00fcfen kann<br>(z.B. Anonymisierung auf Ergebnislisten), wird der Antrag negativ gepr\u00fcft.<\/p>\n\n\n\n<p>4. Die Liste der positiv gepr\u00fcften Antr\u00e4ge wird auf der Website verf\u00fcgbar sein&nbsp;<a href=\"http:\/\/korona.zis.krakow.pl\/\" target=\"_blank\" rel=\"noopener\">www.korona.zis.krakow.pl<\/a>.<\/p>\n\n\n\n<p><strong>\u00a7 4<\/strong><\/p>\n\n\n\n<p><strong>Geb\u00fchren<\/strong><\/p>\n\n\n\n<p>1. F\u00fcr die Bewerbung um den Titel des Gewinners der Krone des polnischen Marathons f\u00e4llt eine Geb\u00fchr an in H\u00f6he von&nbsp;<strong>30,00 PLN<\/strong>.<\/p>\n\n\n\n<p>2. Die Geb\u00fchr ist unter keinen Umst\u00e4nden erstattungsf\u00e4hig.<\/p>\n\n\n\n<p>3. Die in Absatz 1 genannten Geb\u00fchren 1 sollte mithilfe des Online-Zahlungssystems PayU erfolgen, das bei der Einreichung des Antrags in elektronischer Form zur Verf\u00fcgung steht. Als Zahlungsdatum gilt der Tag der Gutschrift der Geb\u00fchr auf dem Bankkonto des Veranstalters \u00fcber das Zahlungssystem PayU.<\/p>\n\n\n\n<p>4. Liegt kein Nachweis \u00fcber die in Absatz 1 genannte Geb\u00fchr vor, 1, im System nach<br>Der Teilnehmer ist verpflichtet, innerhalb von 7 Tagen ab Zahlungsdatum den Veranstalter zu kontaktieren, um die Situation zu kl\u00e4ren. Wenn Sie uns nicht innerhalb von 30 Tagen nach dem Registrierungsdatum der Bewerbung kontaktieren, wird die unbezahlte Bewerbung aus der Liste entfernt.<\/p>\n\n\n\n<p><strong>\u00a7 5<\/strong><\/p>\n\n\n\n<p><strong>Dekorationen<\/strong><\/p>\n\n\n\n<p>1. L\u00e4ufer, die die in \u00a7\u00a7 2\u20134 dieser Bestimmungen genannten Bedingungen erf\u00fcllen, erhalten die Auszeichnung \u201ePolnische Marathon-Krone\u201c und eine Erinnerungsurkunde.<\/p>\n\n\n\n<p>2. Die polnische Marathon-Krone (im Folgenden \u201eDekoration\u201c genannt) wird gesendet<br>an den Teilnehmer an die Korrespondenzadresse, die in der eingereichten Bewerbung um den Titel \u201eGewinner der Krone des polnischen Marathons\u201c angegeben ist.&nbsp;<strong>Es besteht die M\u00f6glichkeit, den Ausweis zu versenden<\/strong>&nbsp;<strong>nur<br>auf dem Gebiet Polens.<\/strong>&nbsp;Eine Versendung des Schmuckst\u00fccks au\u00dferhalb der Grenzen der Republik Polen ist auf keinen Fall m\u00f6glich.<\/p>\n\n\n\n<p>3. Auf dem Konto des Teilnehmers im Online-Registrierungssystem wird automatisch eine Erinnerungsurkunde generiert.<\/p>\n\n\n\n<p>4. Der Medaillenversand erfolgt zweimal j\u00e4hrlich. Der genaue Versandtermin h\u00e4ngt von der Anzahl der registrierten und positiv gepr\u00fcften Bewerbungen f\u00fcr den Titel \u201eGewinner der Krone des polnischen Marathons\u201c ab.<\/p>\n\n\n\n<p><strong>\u00a76<\/strong><\/p>\n\n\n\n<p><strong>Weitere Informationen<\/strong><\/p>\n\n\n\n<p>1. Anfragen zur Polnischen Marathon-Krone sind an folgende Adresse zu richten:<br>Email:&nbsp;<a href=\"mailto:korona@zis.krakow.pl\">korona@zis.krakow.pl<\/a> oder telefonisch unter (12) 616-63-00.<\/p>\n\n\n\n<p>2. Die Krone der polnischen Marathons ist eine Auszeichnung, die einmal w\u00e4hrend<br>24 Monate.<\/p>\n\n\n\n<p>3. In Angelegenheiten, die in dieser Verordnung nicht geregelt sind, gelten die geltenden Bestimmungen des polnischen Rechts.<\/p>\n\n\n\n<p>4. Diese Bestimmungen treten mit dem Tag ihrer Ver\u00f6ffentlichung auf der Website des Veranstalters in Kraft.<\/p>\n\n\n\n<p>Aktualisiert: 14\/04\/2023<\/p>","protected":false},"excerpt":{"rendered":"<p>\u00a7 1 Veranstalter 1. Der Titel \u201eGewinner der Krone der Polnischen Marathons\u201c wird von der Stadt Krakau \u2013 der Verwaltung der Sportinfrastruktur in Krakau, dem Veranstalter des Cracovia-Marathons, verliehen, im Folgenden \u201eVeranstalter\u201c genannt. 2. Diese Bestimmungen legen die Regeln f\u00fcr die Vergabe des Titels \u201eGewinner der Krone der Polnischen Marathons\u201c fest. \u00a7 2 Bedingungen f\u00fcr den Erhalt des Titels \u201eGewinner der Krone der Polnischen Marathons\u201c 1. Um den Titel \u201eGewinner der Krone der Polnischen Marathons\u201c zu erhalten, muss man: a. vier [\u2026] absolvieren.<\/p>","protected":false},"author":1,"featured_media":0,"parent":0,"menu_order":0,"comment_status":"closed","ping_status":"closed","template":"elementor_theme","meta":{"footnotes":""},"_links":{"self":[{"href":"https:\/\/www.maratondebno.pl\/de\/wp-json\/wp\/v2\/pages\/5031"}],"collection":[{"href":"https:\/\/www.maratondebno.pl\/de\/wp-json\/wp\/v2\/pages"}],"about":[{"href":"https:\/\/www.maratondebno.pl\/de\/wp-json\/wp\/v2\/types\/page"}],"author":[{"embeddable":true,"href":"https:\/\/www.maratondebno.pl\/de\/wp-json\/wp\/v2\/users\/1"}],"replies":[{"embeddable":true,"href":"https:\/\/www.maratondebno.pl\/de\/wp-json\/wp\/v2\/comments?post=5031"}],"version-history":[{"count":1,"href":"https:\/\/www.maratondebno.pl\/de\/wp-json\/wp\/v2\/pages\/5031\/revisions"}],"predecessor-version":[{"id":5032,"href":"https:\/\/www.maratondebno.pl\/de\/wp-json\/wp\/v2\/pages\/5031\/revisions\/5032"}],"wp:attachment":[{"href":"https:\/\/www.maratondebno.pl\/de\/wp-json\/wp\/v2\/media?parent=5031"}],"curies":[{"name":"wp","href":"https:\/\/api.w.org\/{rel}","templated":true}]}}