{"id":5019,"date":"2024-01-17T21:24:17","date_gmt":"2024-01-17T20:24:17","guid":{"rendered":"https:\/\/www.maratondebno.pl\/?page_id=5019"},"modified":"2026-04-03T17:23:31","modified_gmt":"2026-04-03T15:23:31","slug":"regulamin-9-mistrzostw-polski-strazakow-w-maratonie","status":"publish","type":"page","link":"https:\/\/www.maratondebno.pl\/de\/regulamin-9-mistrzostw-polski-strazakow-w-maratonie\/","title":{"rendered":"REGELN DER 11. POLNISCHEN FEUERWEHR-MARATHON-MEISTERSCHAFTEN"},"content":{"rendered":"<p>REGELN DER 11. POLNISCHEN FEUERWEHR-MARATHON-MEISTERSCHAFTEN<\/p>\n\n\n\n<p><strong>I.ORGANISATOR<\/strong><br>Die Organisatoren der 11. POLNISCHEN FEUERWEHRMEISTERSCHAFTEN sind:<br>\u2013 Sport- und Freizeitzentrum in D\u0119bno,<br>\u2013 Vorstand der Gemeindeabteilung des Verbandes Freiwilliger Feuerwehren der Republik Polen in D\u0119bno,<br>\u2013 Provinzialzweig des Verbandes der Freiwilligen Feuerwehren der Republik Polen in der Woiwodschaft Westpommern,<br>\u2013 Bezirkshauptquartier der staatlichen Feuerwehr in My\u015blib\u00f3rz,<br>\u2013 Vorstand der Bezirksabteilung des Verbandes Freiwilliger Feuerwehren der Republik Polen in My\u015blib\u00f3rz.<br>\u2013 Freiwillige Feuerwehr D\u0119bno<br><strong>II. DATUM UND ORT<\/strong><br>Das Rennen findet am 18. Oktober 2026 im Rahmen des 52. D\u0119bno-Marathons statt.<br><strong>III.ZWECK<\/strong><br>\u2013 F\u00f6rderung des Langstreckenlaufs unter Feuerwehrleuten.<br>\u2013 Aufbau und St\u00e4rkung internationaler Kontakte zwischen Feuerwehrleuten und Vertretern anderer Rettungsdienste. <\/p>\n\n\n\n<p><strong>IV. BETEILIGUNG<\/strong><br>1. Offiziere der staatlichen Feuerwehr und freiwillige Feuerwehrleute k\u00f6nnen an den 11. POLNISCHEN FEUERWEHRMEISTERSCHAFTEN teilnehmen.<br>2. Bei der \u00dcberpr\u00fcfung m\u00fcssen die Teilnehmer ihre Dienst- oder Rentnerausweise vorlegen, und OSP-Mitglieder m\u00fcssen ihre OSP-Mitgliedsausweise vorlegen.<br><strong>V. EINREICHUNGEN<\/strong><br>1. Elektronisch \u00fcber das Bewerbungsmodul auf der Website www.maratondebno.pl.<br>2. Bewerbungen werden angenommen, bis das Bewerbungslimit erreicht ist.<br><strong>VI. KLASSIFIKATIONEN<\/strong><br>Gesamtwertung der polnischen Meisterschaften der Frauen und M\u00e4nner.<br>HINWEIS: GRUNDLAGE F\u00dcR DIE ERSTELLUNG DER KLASSIFIZIERUNG IST DIE TEILNAHME VON MINDESTENS F\u00dcNF TEILNEHMERN.<br><strong>VII. AUSZEICHNUNGEN<\/strong><br>Klassifizierung der Polnischen Meisterschaften der Frauen- und M\u00e4nnergarde:<br>\u2013 Pokale und Geldpreise f\u00fcr die Pl\u00e4tze 1 bis 3: 1. Platz \u2013 500,00 PLN, 2. Platz \u2013 300,00 PLN, 3. Platz \u2013 200,00 PLN<br><strong>VIII. SCHLUSSBESTIMMUNGEN<\/strong><br>Die Teilnehmer der 11. POLNISCHEN FEUERWEHR-MARATHONMEISTERSCHAFTEN unterliegen dem Reglement des 52. D\u0118BNO-MARATHONS.<\/p>\n\n\n\n<p class=\"has-text-align-right\">Direktor des Sport- und Freizeitzentrums<br>Janina W\u0142odarczyk<\/p>","protected":false},"excerpt":{"rendered":"<p>REGULAMIN 11. MISTRZOSTW POLSKI STRA\u017bAK\u00d3W W MARATONIE I.ORGANIZATOROrganizatorami 11.MISTRZOSTW POLSKI STRA\u017bAK\u00d3W s\u0105:\u2013 O\u015brodek Sportu i Rekreacji w D\u0119bnie,\u2013 Zarz\u0105d Oddzia\u0142u Gminnego Zwi\u0105zku Ochotniczej Stra\u017cy Po\u017carnej RP w D\u0119bnie,\u2013 Oddzia\u0142 Wojew\u00f3dzki Zwi\u0105zku Ochotniczej Stra\u017cy Po\u017carnej RP woj. zachodniopomorskiego,\u2013 Komenda Powiatowa PSP w My\u015bliborzu,\u2013 Zarz\u0105d Oddzia\u0142u Powiatowego Zwi\u0105zku Ochotniczej Stra\u017cy Po\u017carnej RP w My\u015bliborzu.&#8211; Ochotnicza Stra\u017c Po\u017carna [&hellip;]<\/p>","protected":false},"author":1,"featured_media":0,"parent":0,"menu_order":0,"comment_status":"closed","ping_status":"closed","template":"elementor_theme","meta":{"footnotes":""},"_links":{"self":[{"href":"https:\/\/www.maratondebno.pl\/de\/wp-json\/wp\/v2\/pages\/5019"}],"collection":[{"href":"https:\/\/www.maratondebno.pl\/de\/wp-json\/wp\/v2\/pages"}],"about":[{"href":"https:\/\/www.maratondebno.pl\/de\/wp-json\/wp\/v2\/types\/page"}],"author":[{"embeddable":true,"href":"https:\/\/www.maratondebno.pl\/de\/wp-json\/wp\/v2\/users\/1"}],"replies":[{"embeddable":true,"href":"https:\/\/www.maratondebno.pl\/de\/wp-json\/wp\/v2\/comments?post=5019"}],"version-history":[{"count":4,"href":"https:\/\/www.maratondebno.pl\/de\/wp-json\/wp\/v2\/pages\/5019\/revisions"}],"predecessor-version":[{"id":5489,"href":"https:\/\/www.maratondebno.pl\/de\/wp-json\/wp\/v2\/pages\/5019\/revisions\/5489"}],"wp:attachment":[{"href":"https:\/\/www.maratondebno.pl\/de\/wp-json\/wp\/v2\/media?parent=5019"}],"curies":[{"name":"wp","href":"https:\/\/api.w.org\/{rel}","templated":true}]}}