{"id":5018,"date":"2024-01-17T21:23:20","date_gmt":"2024-01-17T20:23:20","guid":{"rendered":"https:\/\/www.maratondebno.pl\/?page_id=5018"},"modified":"2026-04-03T17:26:20","modified_gmt":"2026-04-03T15:26:20","slug":"regulamin-17-mistrzostw-miasta-i-gminy-w-maratonie","status":"publish","type":"page","link":"https:\/\/www.maratondebno.pl\/de\/regulamin-17-mistrzostw-miasta-i-gminy-w-maratonie\/","title":{"rendered":"REGELN DER 19. STADT- UND GEMEINDE-MARATHONMEISTERSCHAFTEN"},"content":{"rendered":"<p>REGELN DER 19. STADT- UND GEMEINDE-MARATHONMEISTERSCHAFTEN VON D\u0118BNO<\/p>\n\n\n\n<p><strong>I.ORGANISATOR<\/strong><br>\u2013 Sport- und Freizeitzentrum in D\u0119bno<br><strong>II. DATUM UND ORT<\/strong><br>Das Rennen findet am 18. Oktober 2026 im Rahmen des 52. D\u0119bno-Marathons statt.<br><strong>III.ZWECK<\/strong><br>F\u00f6rderung des Laufsports unter den Einwohnern der Stadt und Gemeinde D\u0119bno.<br>Auswahl des Champions und Champions der Stadt und Gemeinde D\u0119bno im Marathon.<br><strong>IV. BETEILIGUNG<\/strong><br>1. Einwohner der Stadt und Gemeinde D\u0119bno mit st\u00e4ndigem oder vor\u00fcbergehendem Wohnsitz k\u00f6nnen an den 19. D\u0118BNO STADTMARATHONMEISTERSCHAFTEN teilnehmen.<br>2. Bei der \u00dcberpr\u00fcfung m\u00fcssen die Teilnehmer ein Dokument vorlegen, das ihre Registrierung in der Gemeinde D\u0119bno best\u00e4tigt.<br>3. Im Falle einer vor\u00fcbergehenden Registrierung ist eine Registrierungsfrist von 3 Monaten erforderlich.<br><strong>V. EINREICHUNGEN<\/strong><br>1. Elektronisch \u00fcber das Website-Benachrichtigungsmodul <a href=\"http:\/\/www.maratondebno.pl\">www.maratondebno.pl<\/a>, oder pers\u00f6nlich am Sitz des Sport- und Erholungszentrums, Ul. Parkowa 20.<br>2. Bewerbungen werden angenommen:<br>\u2013 elektronisch,<br>\u2013 im Sport- und Freizeitzentrum bis zum 18. Oktober 2026.<br>3. Teilnehmer der D\u0119bno Stadt- und Gemeindemeisterschaften erhalten einen Rabatt von 100 PLN auf die Anmeldegeb\u00fchr.<br><strong>VI. KLASSIFIKATIONEN<\/strong><br>Klassifizierung der D\u0119bno Stadt- und Gemeindemeisterschaften im Marathonlauf der Frauen und M\u00e4nner.<br><strong>VII. AUSZEICHNUNGEN<\/strong><br>\u2013 1.\u20136. Platz \u2013 Pokale, Geldpreise: 1. Platz \u2013 500,00 PLN, 2. Platz \u2013 400,00 PLN, 3. Platz \u2013 300,00 PLN, 4. Platz \u2013 200,00 PLN, 5. Platz \u2013 100,00 PLN, 6. Platz \u2013 100,00 PLN<br><strong>VIII. SCHLUSSBESTIMMUNGEN<\/strong><\/p>\n\n\n\n<p>F\u00fcr Angelegenheiten, die nicht durch die vorstehenden Bestimmungen abgedeckt sind, gelten die Bestimmungen des Reglements des 52. D\u0118BNO MARATHON.<\/p>\n\n\n\n<p class=\"has-text-align-right\">Direktor des Sport- und Freizeitzentrums<br>Janina W\u0142odarczyk<\/p>","protected":false},"excerpt":{"rendered":"<p>REGULAMIN 19.MISTRZOSTW MIASTA i GMINY D\u0118BNO W MARATONIE I.ORGANIZATOR\u2013 O\u015brodek Sportu i Rekreacji w D\u0119bnieII. TERMIN I MIEJSCEBieg odb\u0119dzie si\u0119 w dniu 18.10.2026 roku w ramach 52.Maratonu D\u0119bno.III.CELPropagowanie bieg\u00f3w w\u015br\u00f3d mieszka\u0144c\u00f3w Miasta i Gminy D\u0119bno.Wy\u0142onienie Mistrzyni i Mistrza Miasta i Gminy D\u0119bno w maratonie.IV. UCZESTNICTWO1. W 19. MISTRZOSTWACH MIASTA i GMINY D\u0118BNO W MARATONIE mog\u0105 [&hellip;]<\/p>","protected":false},"author":1,"featured_media":0,"parent":0,"menu_order":0,"comment_status":"closed","ping_status":"closed","template":"elementor_theme","meta":{"footnotes":""},"_links":{"self":[{"href":"https:\/\/www.maratondebno.pl\/de\/wp-json\/wp\/v2\/pages\/5018"}],"collection":[{"href":"https:\/\/www.maratondebno.pl\/de\/wp-json\/wp\/v2\/pages"}],"about":[{"href":"https:\/\/www.maratondebno.pl\/de\/wp-json\/wp\/v2\/types\/page"}],"author":[{"embeddable":true,"href":"https:\/\/www.maratondebno.pl\/de\/wp-json\/wp\/v2\/users\/1"}],"replies":[{"embeddable":true,"href":"https:\/\/www.maratondebno.pl\/de\/wp-json\/wp\/v2\/comments?post=5018"}],"version-history":[{"count":4,"href":"https:\/\/www.maratondebno.pl\/de\/wp-json\/wp\/v2\/pages\/5018\/revisions"}],"predecessor-version":[{"id":5491,"href":"https:\/\/www.maratondebno.pl\/de\/wp-json\/wp\/v2\/pages\/5018\/revisions\/5491"}],"wp:attachment":[{"href":"https:\/\/www.maratondebno.pl\/de\/wp-json\/wp\/v2\/media?parent=5018"}],"curies":[{"name":"wp","href":"https:\/\/api.w.org\/{rel}","templated":true}]}}