{"id":5017,"date":"2024-01-17T21:22:54","date_gmt":"2024-01-17T20:22:54","guid":{"rendered":"https:\/\/www.maratondebno.pl\/?page_id=5017"},"modified":"2026-04-03T17:24:58","modified_gmt":"2026-04-03T15:24:58","slug":"regulamin-9-mistrzostw-polski-nauczycieli-w-maratonie","status":"publish","type":"page","link":"https:\/\/www.maratondebno.pl\/de\/regulamin-9-mistrzostw-polski-nauczycieli-w-maratonie\/","title":{"rendered":"REGELN DER 11. POLNISCHEN LEHRER-MARATHONMEISTERSCHAFTEN"},"content":{"rendered":"<p>REGELN DER 11. POLNISCHEN LEHRER-MARATHONMEISTERSCHAFTEN<\/p>\n\n\n\n<p><strong>I. VERANSTALTER<\/strong><br>\u2013 Polnischer Lehrerverband, Westpommerscher Bezirk in Stettin,<br>\u2013 Polnischer Lehrerverband, Zweigstelle D\u0119bno,<br>\u2013 Sport- und Freizeitzentrum in D\u0119bno.<br><strong>II. DATUM UND ORT<\/strong><br>Das Rennen findet am 18. Oktober 2026 im Rahmen des 52. D\u0119bno-Marathons statt.<br><strong>III.ZWECK<\/strong><br>F\u00f6rderung langer L\u00e4ufe bei p\u00e4dagogischen Fachkr\u00e4ften.<br><strong>IV. BETEILIGUNG<\/strong><br>1. Teilnahmeberechtigt an den 11. POLNISCHEN LEHRERMEISTERSCHAFTEN sind: Lehrer, Angestellte im \u00f6ffentlichen Dienst, Rentner und Pension\u00e4re von Bildungseinrichtungen.<br>2. Die Teilnehmer m\u00fcssen bei der \u00dcberpr\u00fcfung ein Dokument vorlegen \u2013 einen Mitarbeiterausweis im Bildungsbereich, einen Rentnerausweis oder einen Behindertenrentnerausweis, der die Besch\u00e4ftigung in einer Bildungseinrichtung best\u00e4tigt.<br><strong>V. EINREICHUNGEN<\/strong><br>1. Elektronisch \u00fcber das Website-Benachrichtigungsmodul <a href=\"http:\/\/www.maratondebno.pl\">www.maratondebno.pl<\/a>.<br>2. Bewerbungen werden angenommen, bis das Bewerbungslimit erreicht ist.<br><strong>VI. KLASSIFIKATIONEN<\/strong><br>Klassifizierung der polnischen Meisterschaften f\u00fcr Lehrerinnen und Lehrer.<br>HINWEIS: GRUNDLAGE F\u00dcR DIE ERSTELLUNG DER KLASSIFIZIERUNG IST DIE TEILNAHME VON MINDESTENS F\u00dcNF TEILNEHMERN.<br><strong>VII. AUSZEICHNUNGEN<\/strong><br>\u2013 1. bis 3. Platz \u2013 Pokale, Medaillen, Geldpreise: 1. Platz \u2013 2.000,00 PLN, 2. Platz \u2013 1.500,00 PLN, 3. Platz \u2013 1.000,00 PLN<br><strong>VIII. SCHLUSSBESTIMMUNGEN<\/strong><br>Die Teilnehmer der 11. POLNISCHEN LEHRERMEISTERSCHAFTEN im Marathon unterliegen dem Reglement des 52. D\u0119bno-Marathons.<br>KONTAKT: alfredborysewicz@wp.pl<\/p>\n\n\n\n<p class=\"has-text-align-right\">Leiter des Lehrermarathons<br>Irena Borysewicz<\/p>","protected":false},"excerpt":{"rendered":"<p>REGULAMIN 11.MISTRZOSTW POLSKI NAUCZYCIELI W MARATONIE I. ORGANIZATOR\u2013 Zwi\u0105zek Nauczycielstwa Polskiego Okr\u0119g Zachodniopomorski w Szczecinie,\u2013 Zwi\u0105zek Nauczycielstwa Polskiego Zarz\u0105d Oddzia\u0142u w D\u0119bnie,\u2013 O\u015brodek Sportu i Rekreacji w D\u0119bnie.II. TERMIN I MIEJSCEBieg odb\u0119dzie si\u0119 w dniu 18.10.2026 roku w ramach 52.Maratonu D\u0119bno.III.CELPropagowanie bieg\u00f3w d\u0142ugich w\u015br\u00f3d pracownik\u00f3w o\u015bwiaty.IV. UCZESTNICTWO1. W 11. MISTRZOSTWACH POLSKI NAUCZYCIELI mog\u0105 uczestniczy\u0107: nauczyciele, [&hellip;]<\/p>","protected":false},"author":1,"featured_media":0,"parent":0,"menu_order":0,"comment_status":"closed","ping_status":"closed","template":"elementor_theme","meta":{"footnotes":""},"_links":{"self":[{"href":"https:\/\/www.maratondebno.pl\/de\/wp-json\/wp\/v2\/pages\/5017"}],"collection":[{"href":"https:\/\/www.maratondebno.pl\/de\/wp-json\/wp\/v2\/pages"}],"about":[{"href":"https:\/\/www.maratondebno.pl\/de\/wp-json\/wp\/v2\/types\/page"}],"author":[{"embeddable":true,"href":"https:\/\/www.maratondebno.pl\/de\/wp-json\/wp\/v2\/users\/1"}],"replies":[{"embeddable":true,"href":"https:\/\/www.maratondebno.pl\/de\/wp-json\/wp\/v2\/comments?post=5017"}],"version-history":[{"count":5,"href":"https:\/\/www.maratondebno.pl\/de\/wp-json\/wp\/v2\/pages\/5017\/revisions"}],"predecessor-version":[{"id":5490,"href":"https:\/\/www.maratondebno.pl\/de\/wp-json\/wp\/v2\/pages\/5017\/revisions\/5490"}],"wp:attachment":[{"href":"https:\/\/www.maratondebno.pl\/de\/wp-json\/wp\/v2\/media?parent=5017"}],"curies":[{"name":"wp","href":"https:\/\/api.w.org\/{rel}","templated":true}]}}