{"id":5016,"date":"2024-01-17T21:22:03","date_gmt":"2024-01-17T20:22:03","guid":{"rendered":"https:\/\/www.maratondebno.pl\/?page_id=5016"},"modified":"2026-04-03T17:27:51","modified_gmt":"2026-04-03T15:27:51","slug":"regulamin-19-mistrzostw-polski-policjantow","status":"publish","type":"page","link":"https:\/\/www.maratondebno.pl\/de\/regulamin-19-mistrzostw-polski-policjantow\/","title":{"rendered":"REGELN DER 21. POLNISCHEN POLIZEIMEISTERSCHAFTEN"},"content":{"rendered":"<p><strong>SATZUNG<br>21. POLNISCHE EINZELMEISTERSCHAFTEN F\u00dcR POLIZEIBEAMTE<br>IM MARATHON &quot;D\u0118BNO 2026&quot;<\/strong><\/p>\n\n\n\n<p><strong>I. VERANSTALTER<\/strong><br>1. Die Organisatoren der 21. Polnischen Polizeimarathon-Meisterschaften &quot;D\u0118BNO 2026&quot; sind das Polizeipr\u00e4sidium Stettin und der Provinzrat der NSZZP der Woiwodschaft Westpommern.<br>2. Die Ehrenpatronage der Meisterschaften obliegt dem Polizeichef.<br><strong>II. DATUM UND ORT<\/strong><br>1. Das Rennen findet am 18. Oktober 2026 statt.<br>2. Die Rennstrecke entspricht den Bestimmungen des Veranstalters des 52. D\u0118BNO 2026 Marathons, die auf der Website verf\u00fcgbar sind. <a href=\"http:\/\/www.maratondebno.pl\">www.maratondebno.pl<\/a>.<br><strong>III. BETEILIGUNG<\/strong><br>1. Polizeibeamte, zivile Angestellte und Polizeipension\u00e4re d\u00fcrfen am Marathon teilnehmen.<br>2. Zur \u00dcberpr\u00fcfung m\u00fcssen die Teilnehmer einen Polizeiausweis, einen Ausweis f\u00fcr zivile Angestellte oder einen Rentnerausweis vorlegen.<br><strong>IV. BEWERBUNG UND STARTGEB\u00dcHR<\/strong><br>1. Bewerbungen f\u00fcr die Teilnahme an den 21. Polnischen Polizeimarathon-Meisterschaften \u201eD\u0118BNO 2026\u201c werden nach \u00d6ffnung des Bewerbungsmoduls f\u00fcr den 52. D\u0119bno-Marathon entgegengenommen.<br>2. Anmeldungen zur Teilnahme am Marathon m\u00fcssen \u00fcber die Website eingereicht werden. <a href=\"http:\/\/www.maratondebno.pl\">www.maratondebno.pl<\/a>.<br>3. Die Registrierung gilt als abgeschlossen, sobald das Anmeldeformular vollst\u00e4ndig ausgef\u00fcllt und die Teilnahmegeb\u00fchr gem\u00e4\u00df den Bestimmungen des 52. D\u0118BNO 2026 Marathons entrichtet wurde.<br>4. Mit der Zahlung der oben genannten Geb\u00fchr wird der Teilnehmer automatisch auf die Startliste gesetzt.<br>5. HINWEIS: Anmeldungen werden so lange entgegengenommen, bis die vom Veranstalter festgelegte Teilnehmerzahl erreicht ist.<br>6. WICHTIG! Bei der Abholung ihres Startpakets im Rennb\u00fcro m\u00fcssen Polizeibeamte, zivile Angestellte und Polizeipension\u00e4re ihren Dienstausweis, ihren Rentnerausweis oder ihren zivilen Angestelltenausweis zur abschlie\u00dfenden \u00dcberpr\u00fcfung vorlegen.<br>7. Personen, deren Identit\u00e4t bei der Abholung des Startpakets nicht positiv verifiziert wird, werden automatisch aus der Wertung der 21. Polnischen Polizeimarathon-Meisterschaften \u201eD\u0118BNO 2026\u201c ausgeschlossen.<br>8. Die Teilnehmer der Polnischen Polizeimeisterschaften m\u00fcssen vom Veranstalter der Meisterschaften \u2013 dem Polizeipr\u00e4sidium der Provinz Stettin \u2013 positiv verifiziert werden.<br>9. Bei der \u00dcberpr\u00fcfung ist jeder Teilnehmer verpflichtet, einen Dienstausweis, einen Rentnerausweis oder einen Ausweis f\u00fcr zivile Angestellte der Polizei vorzulegen.<\/p>\n\n\n\n<p>Die Anwesenheit der Teilnehmer ist obligatorisch.<\/p>\n\n\n\n<p><strong>V. UNTERKUNFT<\/strong>UND<br>1. Es besteht die M\u00f6glichkeit, Unterk\u00fcnfte direkt beim Veranstalter sowie in Hotels und Privatunterk\u00fcnften zu buchen, deren Adressen auf der Marathon-Website angegeben sind. <a href=\"http:\/\/www.maratondebno.pl\">www.maratondebno.pl<\/a><br><strong>VI. EINSTUFUNG<\/strong><br>\u2022 Einzelwertung der polnischen Polizeimeisterschaften,<br>\u2022 Einzelwertung der polnischen Polizeimeisterschaften,<br>\u2022 Einzelwertung der Westpommerschen Woiwodschaftsmeisterschaften,<br><strong>VII. AUSZEICHNUNGEN<\/strong><br>1. Die Gewinner in jeder Kategorie erhalten Pokale und Preise.<br>2. Der Veranstalter beh\u00e4lt sich das Recht vor, zus\u00e4tzliche Klassifizierungen einzuf\u00fchren.<br><strong>VIII. UNTERKUNFT UND GEB\u00dcHREN<\/strong><br>1. Kosten f\u00fcr Unterkunft und Verpflegung w\u00e4hrend einer Gesch\u00e4ftsreise.<br>2. Die Teilnahmegeb\u00fchr wird vom Teilnehmer selbst bezahlt.<br><strong>IX. SCHLUSSBESTIMMUNGEN<\/strong><br>1. In allen anderen Angelegenheiten, die nicht durch die vorstehenden Bestimmungen abgedeckt sind, gelten die Bestimmungen des Organisationskomitees des D\u0119bno 2026 Marathons.<br>2. Bei der Siegerehrung f\u00fcr die Gewinner des 52. D\u0118BNO 2026 Marathons gegen 15:00 Uhr am 18.10.2026 werden die Gewinner in den einzelnen Polizeiwertungen geehrt.<br>3. Der Preisrichter des Wettbewerbs ist der Nachwuchsathlet Hubert Lewandowski.<\/p>","protected":false},"excerpt":{"rendered":"<p>R E G U L A M I N21.INDYWIDUALNYCH MISTRZOSTW POLSKI POLICJANT\u00d3WW MARATONIE \u201eD\u0118BNO 2026\u201d I. ORGANIZATOR1. Organizatorami XXI Mistrzostw Polski Policjant\u00f3w w Maratonie \u201eD\u0118BNO 2026\u201d s\u0105 Komenda Wojew\u00f3dzka Policji w Szczecinie i Zarz\u0105d Wojew\u00f3dzki NSZZP woj. zachodniopomorskiego.2. Patronat honorowy nad mistrzostwami sprawuje Komendant G\u0142\u00f3wny Policji.II. TERMIN I MIEJSCE1. Bieg odb\u0119dzie si\u0119 w dniu 18.10.2026 [&hellip;]<\/p>","protected":false},"author":1,"featured_media":0,"parent":0,"menu_order":0,"comment_status":"closed","ping_status":"closed","template":"elementor_theme","meta":{"footnotes":""},"_links":{"self":[{"href":"https:\/\/www.maratondebno.pl\/de\/wp-json\/wp\/v2\/pages\/5016"}],"collection":[{"href":"https:\/\/www.maratondebno.pl\/de\/wp-json\/wp\/v2\/pages"}],"about":[{"href":"https:\/\/www.maratondebno.pl\/de\/wp-json\/wp\/v2\/types\/page"}],"author":[{"embeddable":true,"href":"https:\/\/www.maratondebno.pl\/de\/wp-json\/wp\/v2\/users\/1"}],"replies":[{"embeddable":true,"href":"https:\/\/www.maratondebno.pl\/de\/wp-json\/wp\/v2\/comments?post=5016"}],"version-history":[{"count":4,"href":"https:\/\/www.maratondebno.pl\/de\/wp-json\/wp\/v2\/pages\/5016\/revisions"}],"predecessor-version":[{"id":5492,"href":"https:\/\/www.maratondebno.pl\/de\/wp-json\/wp\/v2\/pages\/5016\/revisions\/5492"}],"wp:attachment":[{"href":"https:\/\/www.maratondebno.pl\/de\/wp-json\/wp\/v2\/media?parent=5016"}],"curies":[{"name":"wp","href":"https:\/\/api.w.org\/{rel}","templated":true}]}}