{"id":5014,"date":"2024-01-17T21:21:08","date_gmt":"2024-01-17T20:21:08","guid":{"rendered":"https:\/\/www.maratondebno.pl\/?page_id=5014"},"modified":"2026-04-03T17:39:57","modified_gmt":"2026-04-03T15:39:57","slug":"regulamin-orly-biegowe","status":"publish","type":"page","link":"https:\/\/www.maratondebno.pl\/de\/regulamin-orly-biegowe\/","title":{"rendered":"Vorschriften RUNNING EAGLES"},"content":{"rendered":"<p><strong>Regelungen zur Titelvergabe<\/strong><\/p>\n\n\n\n<p><strong>Gewinner der Cross-Country Eagles<\/strong><\/p>\n\n\n\n<p><strong>\u00a7 1<\/strong><br><strong>Veranstalter<\/strong><br>1. Organisatoren der Serie <strong>Gewinner der Cross-Country Eagles<\/strong> Sind;<br>   a) Gemeinde Grodzisk Wielkopolski<br>   b) Gemeinde Postomino<br>   c) Gemeinde D\u0119bno<\/p>\n\n\n\n<p><strong>\u00a7 2<\/strong><br><strong>Bedingungen f\u00fcr die Erlangung des Titels Cross-Country Eagles-Sieger<\/strong><br>1. Um einen Titel zu bekommen <strong>Gewinner der Cross-Country Eagles<\/strong> Folgende Rennen m\u00fcssen Sie in einem Kalenderjahr absolvieren:<br>   a) D\u0119bno-Marathon in D\u0119bno<br>   b) Grodzisk-Halbmarathon \u201eS\u0142owaka\u201c in Grodzisk Wielkopolski<br>   c) Laufen am Strand von Jaros\u0142awiec<br>2. Teilnahme an der Laufserie <strong>Gewinner der Cross-Country Eagles<\/strong> Die Teilnahme ist kostenlos, alle Kosten im Zusammenhang mit der Organisation des Radmarathons, einschlie\u00dflich des Erinnerungsbildes des Adlers, werden vom Veranstalter getragen.<br>3. Erster Zyklus <strong>Gewinner der Cross-Country Eagles<\/strong> beginnt mit dem D\u0119bno-Marathon im Jahr 2022<br>4. L\u00e4ufer, die am Zyklus teilnehmen <strong>Gewinner der Cross-Country Eagles<\/strong> haben eine garantierte Startchance bei allen Rennen des Zyklus. Wenn Sie einen Lauf nicht abschlie\u00dfen, erlischt die Garantie.<\/p>\n\n\n\n<p><strong>\u00a7 3<\/strong><br><strong>Der Titel des Cross-Country Eagle-Gewinners und des Golden Eagle-Gewinners<\/strong><br>1. L\u00e4ufer, die die in \u00a7 2 genannten Bedingungen erf\u00fcllen, erhalten den Titel <strong>Gewinner des Running Eagle<\/strong> und ein Erinnerungsbild des Adlers.<br>2. Teilnehmer, die den Titel in drei aufeinanderfolgenden Ausgaben der Serie gewinnen. <strong>Gewinner des Running Eagle<\/strong> Sie erhalten den Titel zusammen mit dem dritten Eagle <strong>Gewinner des Goldenen Adlers<\/strong> und eine besondere Statuettenauszeichnung<strong> Steinadler<\/strong><br>3. Nach dem Ende des letzten Rennens der Serie \u2013 dem Strandlauf in Jaros\u0142awiec \u2013 wird den L\u00e4ufern ein Erinnerungsbild des Adlers \u00fcberreicht<\/p>\n\n\n\n<p><strong>\u00a7 4<\/strong><br><strong>Schutz personenbezogener Daten<\/strong><br>1. Jeder der Organisatoren der Serie <strong>Gewinner der Cross-Country Eagles<\/strong> erkl\u00e4rt, dass sie als Datenverantwortlicher im Sinne der Verordnung (EU) 2016\/679 des Europ\u00e4ischen Parlaments und des Rates vom 27. April 2016 zum Schutz nat\u00fcrlicher Personen bei der Verarbeitung personenbezogener Daten, zum freien Datenverkehr und zur Aufhebung der Richtlinie 95\/46\/EG (ABl. EU) handelt.<br>L 2016, Nr. 119, S. 1), im Folgenden \u201eDSGVO\u201c genannt, in Bezug auf personenbezogene Daten, die zum Zwecke der Durchf\u00fchrung des Eagle Runners&#039; Cycle verarbeitet werden.<br>2. Im Zusammenhang mit der Organisation der Laufserie \u201eConquerors of Running Eagles\u201c erf\u00fcllt jeder Veranstalter eigenst\u00e4ndig im Rahmen der von ihm organisierten L\u00e4ufe gem\u00e4\u00df \u00a7 2 Abs. 1a, 1b, 1c die sich aus Artikel 13 DSGVO ergebende Informationspflicht gegen\u00fcber den Laufteilnehmern.<\/p>\n\n\n\n<p><strong>\u00a7 5<\/strong><br><strong>Weitere Informationen<\/strong><br>1. Die Kontaktaufnahme mit dem Veranstalter ist per E-Mail unter der Adresse m.malecki@grodzisk.wlkp.pl m\u00f6glich<br>2. Die verbindliche und endg\u00fcltige Auslegung der Bestimmungen obliegt dem Veranstalter.<br>3. In Angelegenheiten, die in dieser Gesch\u00e4ftsordnung nicht geregelt sind, gelten die geltenden gesetzlichen Bestimmungen.<\/p>","protected":false},"excerpt":{"rendered":"<p>Regulamin przyznawania tytu\u0142u Zdobywcy Or\u0142\u00f3w Biegowych \u00a7 1Organizator1. Organizatorami cyklu Zdobywcy Or\u0142\u00f3w Biegowych s\u0105; a) Gmina Grodzisk Wielkopolski b) Gmina Postomino c) Gmina D\u0119bno \u00a7 2Warunki uzyskania tytu\u0142u Zdobywcy Or\u0142\u00f3w Biegowych1. Aby uzyska\u0107 tytu\u0142 Zdobywcy Or\u0142\u00f3w Biegowych nale\u017cy uko\u0144czy\u0107 nast\u0119puj\u0105ce biegi w roku kalendarzowym: a) Maraton D\u0119bno w D\u0119bnie b) Grodziski P\u00f3\u0142maraton &#8222;S\u0142owaka&#8221; w Grodzisku [&hellip;]<\/p>","protected":false},"author":1,"featured_media":0,"parent":0,"menu_order":0,"comment_status":"closed","ping_status":"closed","template":"","meta":{"footnotes":""},"_links":{"self":[{"href":"https:\/\/www.maratondebno.pl\/de\/wp-json\/wp\/v2\/pages\/5014"}],"collection":[{"href":"https:\/\/www.maratondebno.pl\/de\/wp-json\/wp\/v2\/pages"}],"about":[{"href":"https:\/\/www.maratondebno.pl\/de\/wp-json\/wp\/v2\/types\/page"}],"author":[{"embeddable":true,"href":"https:\/\/www.maratondebno.pl\/de\/wp-json\/wp\/v2\/users\/1"}],"replies":[{"embeddable":true,"href":"https:\/\/www.maratondebno.pl\/de\/wp-json\/wp\/v2\/comments?post=5014"}],"version-history":[{"count":3,"href":"https:\/\/www.maratondebno.pl\/de\/wp-json\/wp\/v2\/pages\/5014\/revisions"}],"predecessor-version":[{"id":5497,"href":"https:\/\/www.maratondebno.pl\/de\/wp-json\/wp\/v2\/pages\/5014\/revisions\/5497"}],"wp:attachment":[{"href":"https:\/\/www.maratondebno.pl\/de\/wp-json\/wp\/v2\/media?parent=5014"}],"curies":[{"name":"wp","href":"https:\/\/api.w.org\/{rel}","templated":true}]}}