{"id":4334,"date":"2024-01-12T10:00:41","date_gmt":"2024-01-12T09:00:41","guid":{"rendered":"http:\/\/www.maratondebno.hmcloud.pl\/?page_id=4334"},"modified":"2024-02-07T19:42:46","modified_gmt":"2024-02-07T18:42:46","slug":"zestawienie-50-najlepszych-wynikow-mezczyzn-w-historii-maratonu-debno","status":"publish","type":"page","link":"https:\/\/www.maratondebno.pl\/de\/zestawienie-50-najlepszych-wynikow-mezczyzn-w-historii-maratonu-debno\/","title":{"rendered":"Eine Liste der 50 besten Ergebnisse der M\u00e4nner in der Geschichte des D\u0119bno-Marathons"},"content":{"rendered":"<p><strong><em>\u00a0<\/em><\/strong>LISTE DER 50 BESTEN ERGEBNISSE DER M\u00c4NNER IN DER GESCHICHTE DES D\u0118BNO-MARATHON<\/p>\n\n\n\n<figure class=\"wp-block-table\"><table><tbody><tr><td><strong><em>Ergebnis<\/em><\/strong><\/td><td><strong><em>M-ce<\/em><\/strong><\/td><td><strong><em>Vorname und Nachname<\/em><\/strong><\/td><td><strong><em>Jahr.<\/em><\/strong><\/td><td><strong><em>Country-Club-Stadt<\/em><\/strong><\/td><td><strong><em>Jahr<\/em><\/strong><\/td><\/tr><tr><td>2:09:57<\/td><td>1<\/td><td>Kyeva Cosmas Mutuku<\/td><td>1985<\/td><td>Kenia<\/td><td>2014<\/td><\/tr><tr><td>2:10:31<\/td><td>1<\/td><td>Gardzielewski Arkadiusz<\/td><td>1986<\/td><td>Schlesien Breslau<\/td><td>2021<\/td><\/tr><tr><td>2:10:34<\/td><td>1<\/td><td>Antoni Niemczak<\/td><td>1955<\/td><td>Schlesien Breslau<\/td><td>1986<\/td><\/tr><tr><td>2:10:35<\/td><td>2<\/td><td>Karbowiak Kamil<\/td><td>1995<\/td><td>Ankerufer<\/td><td>2021<\/td><\/tr><tr><td>2:10:58<\/td><td>3<\/td><td>Zalewski Krystian<\/td><td>1989<\/td><td>Barnim Goleni\u00f3w<\/td><td>2021<\/td><\/tr><tr><td>2:10:59<\/td><td>1<\/td><td>Hychun Yuriy<\/td><td>1977<\/td><td>Ukraine<\/td><td>2008<\/td><\/tr><tr><td>2:11:18<\/td><td>2<\/td><td>Wiktor Sawicki<\/td><td>1955<\/td><td>Wawel Krakau<\/td><td>1986<\/td><\/tr><tr><td>2:11:42<\/td><td>3<\/td><td>Skar\u017cy\u0144ski Jerzy<\/td><td>1956<\/td><td>Bauarbeiter Stettin<\/td><td>1986<\/td><\/tr><tr><td>2:11:56<\/td><td>1<\/td><td>Kyeva Cosmas Mutuku<\/td><td>1985<\/td><td>Kenia<\/td><td>2016<\/td><\/tr><tr><td>2:11:59<\/td><td>2<\/td><td>Szost Henryk<\/td><td>1982<\/td><td>Grunwald Posen<\/td><td>2008<\/td><\/tr><tr><td>&nbsp;<\/td><td>&nbsp;<\/td><td>&nbsp;<\/td><td>&nbsp;<\/td><td>&nbsp;<\/td><td>&nbsp;<\/td><\/tr><tr><td>2:12:07<\/td><td>4<\/td><td>Misiewicz Ryszard<\/td><td>1957<\/td><td>Zawisza Bydgoszcz<\/td><td>1986<\/td><\/tr><tr><td>2:12:13<\/td><td>1<\/td><td>Glinka Waldemar<\/td><td>1968<\/td><td>GLKS Schweidnitz<\/td><td>2004<\/td><\/tr><tr><td>2:12:20<\/td><td>1<\/td><td>Moseev Leonid<\/td><td>1952<\/td><td>UdSSR<\/td><td>1976<\/td><\/tr><tr><td>2:12:21<\/td><td>5<\/td><td>Pierzynka Zbigniew<\/td><td>1951<\/td><td>Wis\u0142a Krakau<\/td><td>1986<\/td><\/tr><tr><td>2:12:26<\/td><td>1<\/td><td>Wiktor Sawicki<\/td><td>1955<\/td><td>Wawel Krakau<\/td><td>1988<\/td><\/tr><tr><td>2:12:27<\/td><td>1<\/td><td>Plawgo Miros\u0142aw<\/td><td>1970<\/td><td>Ole\u015bniczanka Ole\u015bnica<\/td><td>2001<\/td><\/tr><tr><td>2:12:35<\/td><td>1<\/td><td>HillRonald<\/td><td>1938<\/td><td>Gro\u00dfbritannien<\/td><td>1975<\/td><\/tr><tr><td>2:12:40<\/td><td>4<\/td><td>Yuhymchuk Mykola<\/td><td>1985<\/td><td>Ukraine<\/td><td>2021<\/td><\/tr><tr><td>2:12:41<\/td><td>2<\/td><td>Gockij Alexander<\/td><td>1947<\/td><td>UdSSR<\/td><td>1976<\/td><\/tr><tr><td>2:12:49<\/td><td>1<\/td><td>Ratkowski Wojciech<\/td><td>1954<\/td><td>AZS Danzig<\/td><td>1984<\/td><\/tr><tr><td>&nbsp;<\/td><td>&nbsp;<\/td><td>&nbsp;<\/td><td>&nbsp;<\/td><td>&nbsp;<\/td><td>&nbsp;<\/td><\/tr><tr><td>2:12:53<\/td><td>2<\/td><td>Pierzynka Zbigniew<\/td><td>1951<\/td><td>Wis\u0142a Krakau<\/td><td>1984<\/td><\/tr><tr><td>2:12:53<\/td><td>1<\/td><td>Kiprono Metto David<\/td><td>1990<\/td><td>Kenia<\/td><td>2012<\/td><\/tr><tr><td>2:12:56<\/td><td>2<\/td><td>Skar\u017cy\u0144ski Jerzy<\/td><td>1956<\/td><td>Bauarbeiter Stettin<\/td><td>1988<\/td><\/tr><tr><td>2:12:59<\/td><td>3<\/td><td>Gro\u00dfartiger Yuri<\/td><td>1942<\/td><td>UdSSR<\/td><td>1976<\/td><\/tr><tr><td>2:13:01<\/td><td>6<\/td><td>Lupe Henryk<\/td><td>1956<\/td><td>Juvenia Bia\u0142ystok<\/td><td>1986<\/td><\/tr><tr><td>2:13:02<\/td><td>3<\/td><td>W\u00f3jcik Rafa\u0142<\/td><td>1972<\/td><td>KKL Kielce<\/td><td>2008<\/td><\/tr><tr><td>2:13:15<\/td><td>3<\/td><td>Misiewicz Ryszard<\/td><td>1957<\/td><td>Zawisza Bydgoszcz<\/td><td>1984<\/td><\/tr><tr><td>2:13:16<\/td><td>1<\/td><td>Babaryka Ivan<\/td><td>1982<\/td><td>Ukraine<\/td><td>2011<\/td><\/tr><tr><td>2:13:19<\/td><td>4<\/td><td>Kazimierz-Adler<\/td><td>1943<\/td><td>G\u00f3rnik Jaworzno<\/td><td>1976<\/td><\/tr><tr><td>2:13:20<\/td><td>3<\/td><td>\u0141awicki Tadeusz<\/td><td>1956<\/td><td>Zag\u0142\u0119bie Lubin<\/td><td>1988<\/td><\/tr><tr><td>&nbsp;<\/td><td>&nbsp;<\/td><td>&nbsp;<\/td><td>&nbsp;<\/td><td>&nbsp;<\/td><td>&nbsp;<\/td><\/tr><tr><td>2:13:20<\/td><td>5<\/td><td>Grycko Tomasz<\/td><td>1992<\/td><td>Bliza W\u0142adys\u0142awowo<\/td><td>2021<\/td><\/tr><tr><td>2:13:26<\/td><td>2<\/td><td>\u0141\u0119gowski Edward<\/td><td>1947<\/td><td>Legia Warschau<\/td><td>1975<\/td><\/tr><tr><td>2:13:27<\/td><td>4<\/td><td>Furmanek Wies\u0142aw<\/td><td>1959<\/td><td>Hutnik Krakau<\/td><td>1988<\/td><\/tr><tr><td>2:13:27<\/td><td>1<\/td><td>Tanus Samwell<\/td><td>1969<\/td><td>Kenia<\/td><td>2002<\/td><\/tr><tr><td>2:13:27<\/td><td>4<\/td><td>Draczy\u0144ski Adam<\/td><td>1976<\/td><td>Grunwald Posen<\/td><td>2008<\/td><\/tr><tr><td>2:13:30<\/td><td>1<\/td><td>Pierzynka Zbigniew<\/td><td>1951<\/td><td>Wis\u0142a Krakau<\/td><td>1980<\/td><\/tr><tr><td>2:13:31<\/td><td>2<\/td><td>Bartoszak Michal<\/td><td>1970<\/td><td>Biegus Wr\u0119czyca<\/td><td>2004<\/td><\/tr><tr><td>2:13:35<\/td><td>2<\/td><td>Marczak Ryszard<\/td><td>1945<\/td><td>Zawisza Bydgoszcz<\/td><td>1980<\/td><\/tr><tr><td>2:13:35<\/td><td>4<\/td><td>Wiktor Sawicki<\/td><td>1955<\/td><td>Wawel Krakau<\/td><td>1984<\/td><\/tr><tr><td>2:13:37<\/td><td>7<\/td><td>Lasecki Kazimierz<\/td><td>1958<\/td><td>Legia Warschau<\/td><td>1986<\/td><\/tr><tr><td>&nbsp;<\/td><td>&nbsp;<\/td><td>&nbsp;<\/td><td>&nbsp;<\/td><td>&nbsp;<\/td><td>&nbsp;<\/td><\/tr><tr><td>2:13:38<\/td><td>3<\/td><td>Sajkowski Andrzej<\/td><td>1952<\/td><td>Legia Warschau<\/td><td>1980<\/td><\/tr><tr><td>2:13:39<\/td><td>8<\/td><td>Notwendiger Jacek<\/td><td>1959<\/td><td>Herr Brzeziny<\/td><td>1986<\/td><\/tr><tr><td>2:13:43<\/td><td>2<\/td><td>Kiprono Metto David<\/td><td>1990<\/td><td>Kenia<\/td><td>2016<\/td><\/tr><tr><td>2:13:44<\/td><td>1<\/td><td>Kazimierz-Adler<\/td><td>1943<\/td><td>G\u00f3rnik Jaworzno<\/td><td>1977<\/td><\/tr><tr><td>2:13:48<\/td><td>9<\/td><td>\u0141awicki Tadeusz<\/td><td>1956<\/td><td>Zag\u0142\u0119bie Lubin<\/td><td>1986<\/td><\/tr><tr><td>2:13:48<\/td><td>1<\/td><td>Beriso Desto Morkama<\/td><td>1985<\/td><td>\u00c4thiopien<\/td><td>2013<\/td><\/tr><tr><td>2:13:54<\/td><td>10<\/td><td>Ratkowski Wojciech<\/td><td>1954<\/td><td>AZS Danzig<\/td><td>1986<\/td><\/tr><tr><td>2:13:56<\/td><td>11<\/td><td>Sajkowski Andrzej<\/td><td>1952<\/td><td>Legia Warschau<\/td><td>1986<\/td><\/tr><tr><td>2:13:59<\/td><td>3<\/td><td>Schr\u00f6der Martin<\/td><td>1953<\/td><td>DDR<\/td><td>1975<\/td><\/tr><tr><td>2:13:59<\/td><td>5<\/td><td>Rydzewski Edward<\/td><td>1959<\/td><td>Chemiker K\u0119dzierzyn<\/td><td>1988<\/td><\/tr><\/tbody><\/table><\/figure>\n\n\n\n<p> Hergestellt von Anna Witkowska<\/p>","protected":false},"excerpt":{"rendered":"<p>\u00a0LISTE DER 50 BESTEN ERGEBNISSE DER M\u00c4NNER IN DER GESCHICHTE DES D\u0118BNO-MARATHON Ergebnis Ort Vor- und Nachname Jahr Land-Club-Stadt Jahr 2:09:57 1 Kyeva Cosmas Mutuku 1985 Kenia 2014 2:10:31 1 Gardzielewski Arkadiusz 1986 \u015al\u0105sk Wroc\u0142aw 2021 2:10:34 1 Niemczak Antoni 1955 \u015al\u0105sk Wroc\u0142aw 1986 2:10:35 2 Karbowiak Kamil 1995 Kotwica Brzeg 2021 2:10:58 3 Zalewski Krystian 1989 Barnim [\u2026]<\/p>","protected":false},"author":1,"featured_media":0,"parent":0,"menu_order":0,"comment_status":"closed","ping_status":"closed","template":"","meta":{"footnotes":""},"_links":{"self":[{"href":"https:\/\/www.maratondebno.pl\/de\/wp-json\/wp\/v2\/pages\/4334"}],"collection":[{"href":"https:\/\/www.maratondebno.pl\/de\/wp-json\/wp\/v2\/pages"}],"about":[{"href":"https:\/\/www.maratondebno.pl\/de\/wp-json\/wp\/v2\/types\/page"}],"author":[{"embeddable":true,"href":"https:\/\/www.maratondebno.pl\/de\/wp-json\/wp\/v2\/users\/1"}],"replies":[{"embeddable":true,"href":"https:\/\/www.maratondebno.pl\/de\/wp-json\/wp\/v2\/comments?post=4334"}],"version-history":[{"count":2,"href":"https:\/\/www.maratondebno.pl\/de\/wp-json\/wp\/v2\/pages\/4334\/revisions"}],"predecessor-version":[{"id":5109,"href":"https:\/\/www.maratondebno.pl\/de\/wp-json\/wp\/v2\/pages\/4334\/revisions\/5109"}],"wp:attachment":[{"href":"https:\/\/www.maratondebno.pl\/de\/wp-json\/wp\/v2\/media?parent=4334"}],"curies":[{"name":"wp","href":"https:\/\/api.w.org\/{rel}","templated":true}]}}