{"id":4328,"date":"2024-01-05T17:34:03","date_gmt":"2024-01-05T16:34:03","guid":{"rendered":"http:\/\/www.maratondebno.hmcloud.pl\/?page_id=4328"},"modified":"2025-09-19T12:42:45","modified_gmt":"2025-09-19T10:42:45","slug":"dojazdy","status":"publish","type":"page","link":"https:\/\/www.maratondebno.pl\/de\/dojazdy\/","title":{"rendered":"Pendeln"},"content":{"rendered":"<p>Pendeln<br>Um Ihnen die Anreise zum 51. D\u0119bno-Marathon zu erleichtern, organisieren wir einen kostenlosen Transport vom Bahnhof Kostrzyn zum Marathon-B\u00fcro in D\u0119bno. Dieser Transport erfolgt in einem speziellen Bus mit dem Logo des D\u0119bno-Marathons und Anfeuerungsrufen. Nutzen Sie diese M\u00f6glichkeit!<\/p>\n\n\n\n<p><strong>Abfahrten des MARATON D\u0118BNO-Busses vom Bahnhof Kostrzyn zum Marathon-B\u00fcro am 18. und 19. Oktober 2025.<\/strong><\/p>\n\n\n\n<p>Samstag, 18. Oktober 2025 \u2013 15:00, 18:00, 20:30 Uhr<\/p>\n\n\n\n<p>Sonntag, 19. Oktober 2025 \u2013 7:30 Uhr<\/p>\n\n\n\n<p><strong>Abfahrt des MARATON D\u0118BNO-Busses vom B\u00fcro des D\u0119bna Maraton zum Bahnhof Kostrzyn<br>am 18. und 19. Oktober 2025<\/strong><\/p>\n\n\n\n<p>Samstag, 18. Oktober 2025 \u2013 14:00, 17:00, 19:30 Uhr<\/p>\n\n\n\n<p>Sonntag, 19. Oktober 2025 \u2013 17:00 Uhr, 18:00 Uhr,<\/p>\n\n\n\n<p><\/p>\n\n\n\n<p>EMPFOHLENE UNTERKUNFT<\/p>\n\n\n\n<p>Chwarszczany \u2013 8 km vom Zentrum von D\u0119bno, 3 km von der Marathonstrecke entfernt<\/p>\n\n\n\n<p>TEMPLUM OBER\u017bA &amp; UNTERKUNFT<\/p>\n\n\n\n<p>Chwarszczany 3B<\/p>\n\n\n\n<p>74-407 Boleszkowice<\/p>\n\n\n\n<p>Tel. 604 273 616<\/p>\n\n\n\n<p>FB: Templum Inn &amp; Unterkunft<\/p>\n\n\n\n<p>E-Mail: kolosowski@chwarszczany.pl<\/p>\n\n\n\n<ul>\n<li>Konferenz- und Freizeitzentrum \u201eMR\u00d3Z\u201c<\/li>\n\n\n\n<li>&nbsp;<\/li>\n\n\n\n<li>Stra\u00dfe Choje\u0144ska 16<br>Mieszkowice 74-505<\/li>\n\n\n\n<li>Email:&nbsp;<a href=\"mailto:kontakt@ckwmroz.pl\">kontakt@ckwmroz.pl<\/a><br>Tel.: 603 678 809<\/li>\n<\/ul>\n\n\n\n<p>Kontakt Formular<\/p>\n\n\n\n<p>1. Bildungszentrum \u201eNasz Dom\u201c der Pfarrei St. Apostel Petrus und Paulus,<br>&nbsp;&nbsp; Kontakt \u2013 Marathon-B\u00fcro \u2013 Tel.: 957602436&nbsp;<br>&nbsp; &nbsp;<br>2. Barn\u00f3wko \u2013 7 km von D\u0119bno<br>&nbsp;&nbsp; Agrotouristischer Bauernhof<br>&nbsp;&nbsp; Barbara und Janusz Fabia\u0144czyk<br>&nbsp;&nbsp; Barn\u00f3wko 42\/2<br>&nbsp;&nbsp; Tel.:957603118, 512235107<br>&nbsp; &nbsp;<br>3. Dolsk \u2013 15 km von D\u0119bno entfernt<br>&nbsp;&nbsp; Agrotouristischer Bauernhof<br>&nbsp;&nbsp; Teresa Kubiak<br>&nbsp;&nbsp; Dolsk 9, Tel.:957601894, 605428006<br><br>4. Kostrzyn \u2013 17 km von D\u0119bno entfernt&nbsp; &nbsp;<br>&nbsp;&nbsp; Hotel DOM TURYSTY<br>&nbsp;&nbsp; Stra\u00dfe Piastowska 8<br>&nbsp;&nbsp; 66-470 Kostrzyn n\/Or\u0105<br>&nbsp;&nbsp; Tel.\/Fax: 957523041<br>&nbsp;&nbsp; E-Mail: domturysty@ta.pl<br>&nbsp;<\/p>\n\n\n\n<p>5. \u0141\u0105komin \u2013 15 km von D\u0119bno entfernt&nbsp;&nbsp;&nbsp;<br>&nbsp; &nbsp; &nbsp; \u0141\u0105komin-Palast<br>&nbsp;&nbsp;&nbsp;&nbsp;&nbsp; \u0141\u0105komin 1<br>&nbsp;&nbsp;&nbsp;&nbsp;&nbsp; 66-433 Lubiszyn<br>&nbsp; &nbsp; &nbsp; Tel.: 0 95 731 80 24<br>&nbsp;&nbsp;&nbsp;&nbsp; http:\/\/www.lakomin.pl\/<br>&nbsp;&nbsp;<br>6.Witnica \u2013 18 km von D\u0119bno entfernt &nbsp; &nbsp;<br>&nbsp;Hotel Le\u015bne UstroniE, ul. My\u015bliwska 12, 66-460 Witnica, Tel.: 0 95 751 66 16<br>&nbsp;www.lesneustronie.pl, info@lesneustronie.pl<\/p>\n\n\n\n<p><br>7. Bielin \u2013 25 km von D\u0119bno entfernt<br>BIELIN MANOR<br>&nbsp;&nbsp; Bielin 1,74-503 Mory\u0144<br>&nbsp;&nbsp; Tel. +48 668 256 015<br>&nbsp;&nbsp; E-Mail: bilin@bielin.pl<br>&nbsp;&nbsp; www. bilin.pl<br>&nbsp;<br>8. Radzicz \u2013 20 km von D\u0119bno<br>&nbsp;&nbsp; Radzicz-Ranch<br>&nbsp;&nbsp; 74-400 R\u00f3\u017ca\u0144sko<br>&nbsp;&nbsp; Tel.695616107,667029728<br>&nbsp;&nbsp; E-Mail: ranczoradzicz@tlen.pl<br>&nbsp;&nbsp; www.ranczoradzicz.pl<br><br>9. Gorz\u00f3w \u2013 40 km von D\u0119bno entfernt<br>&nbsp;&nbsp; VillaParty:<br>&nbsp;&nbsp; Wieprzyce 9<br>&nbsp;&nbsp; 66-450 Gorz\u00f3w Wlkp.<br>&nbsp;&nbsp; Tel.+48 602 271 434<br>&nbsp;&nbsp; www.villaparty.pl<\/p>\n\n\n\n<p>10. Hotel &amp; Restaurant \u201eWITNICA-Lord\u201c<br>Stra\u00dfe KRN 5<br>66-460 Witnica<br>Tel.\/Fax 95 728 45 31\/32<br>Mobil 533-107-727<br>E-Mail: hotelwitnica@poczta.fm<br>www.hotelwitnica.eu<\/p>\n\n\n\n<p>11. Nowy M\u0142yn Namyslin<br>74-406 Namy\u015blin 46<br>Tel. 792 616 403<\/p>","protected":false},"excerpt":{"rendered":"<p>DojazdyAby u\u0142atwi\u0107 Pa\u0144stwu dotarcie na tegoroczny 51. Maraton D\u0119bno, przygotowali\u015bmy transport z dworca PKP Kostrzyn do Biura Maratonu w D\u0119bnie. Transport ten jest bezp\u0142atny i odbywa si\u0119 specjalnym busem oznaczonym logiem i brawami Maratonu D\u0119bno. Zapraszamy do korzystania z tej mo\u017cliwo\u015bci. Odjazdy autokaru MARATON D\u0118BNO z dworca PKP Kostrzyn do Biura Maratonu w dniach 18-19.10 [&hellip;]<\/p>","protected":false},"author":1,"featured_media":0,"parent":0,"menu_order":0,"comment_status":"closed","ping_status":"closed","template":"","meta":{"footnotes":""},"_links":{"self":[{"href":"https:\/\/www.maratondebno.pl\/de\/wp-json\/wp\/v2\/pages\/4328"}],"collection":[{"href":"https:\/\/www.maratondebno.pl\/de\/wp-json\/wp\/v2\/pages"}],"about":[{"href":"https:\/\/www.maratondebno.pl\/de\/wp-json\/wp\/v2\/types\/page"}],"author":[{"embeddable":true,"href":"https:\/\/www.maratondebno.pl\/de\/wp-json\/wp\/v2\/users\/1"}],"replies":[{"embeddable":true,"href":"https:\/\/www.maratondebno.pl\/de\/wp-json\/wp\/v2\/comments?post=4328"}],"version-history":[{"count":4,"href":"https:\/\/www.maratondebno.pl\/de\/wp-json\/wp\/v2\/pages\/4328\/revisions"}],"predecessor-version":[{"id":5403,"href":"https:\/\/www.maratondebno.pl\/de\/wp-json\/wp\/v2\/pages\/4328\/revisions\/5403"}],"wp:attachment":[{"href":"https:\/\/www.maratondebno.pl\/de\/wp-json\/wp\/v2\/media?parent=4328"}],"curies":[{"name":"wp","href":"https:\/\/api.w.org\/{rel}","templated":true}]}}