{"id":4321,"date":"2024-01-05T17:27:22","date_gmt":"2024-01-05T16:27:22","guid":{"rendered":"http:\/\/www.maratondebno.hmcloud.pl\/?page_id=4321"},"modified":"2024-02-07T19:49:03","modified_gmt":"2024-02-07T18:49:03","slug":"zwyciezcy-maratonu-debno","status":"publish","type":"page","link":"https:\/\/www.maratondebno.pl\/de\/zwyciezcy-maratonu-debno\/","title":{"rendered":"Gewinner des D\u0119bno-Marathons"},"content":{"rendered":"<p>GEWINNER DES D\u0118BNO-MARATHON 1966-2023<\/p>\n\n\n\n<figure class=\"wp-block-table\"><table><tbody><tr><td><strong><em>NEIN.<\/em><\/strong><\/td><td><strong><em>Jahr<\/em><\/strong><\/td><td><strong><em>Vorname und Nachname<\/em><\/strong><\/td><td><strong><em>Jahr.<\/em><\/strong><\/td><td><strong><em>Country-Club-Stadt<\/em><\/strong><\/td><td><strong><em>Ergebnis<\/em><\/strong><\/td><\/tr><tr><td>1.<\/td><td>1966<\/td><td>Bogusz Zdzis\u0142aw<\/td><td>1937<\/td><td>Warszawianka Warszawa<\/td><td>1:08:41 (21,5)<\/td><\/tr><tr><td>2.<\/td><td>1967<\/td><td>Bogusz Zdzis\u0142aw<\/td><td>1937<\/td><td>Warszawianka Warszawa<\/td><td>1:06:39 (21,5)<\/td><\/tr><tr><td>3.<\/td><td>1968<\/td><td>Bogusz Zdzis\u0142aw<\/td><td>1937<\/td><td>Warszawianka Warszawa<\/td><td>1:20:50 (26,5)<\/td><\/tr><tr><td>4.<\/td><td>1969<\/td><td>Gro\u00dfartiger Yuri<\/td><td>1942<\/td><td>UdSSR<\/td><td>2:21:18<\/td><\/tr><tr><td>5.<\/td><td>1970<\/td><td>Gottert Steffen<\/td><td>1939<\/td><td>DDR<\/td><td>2:22:45<\/td><\/tr><tr><td>6.<\/td><td>1971<\/td><td>Stawiarz Edward<\/td><td>1940<\/td><td>Wawel Krakau<\/td><td>2:21:10<\/td><\/tr><tr><td>7.<\/td><td>1972<\/td><td>Stawiarz Edward<\/td><td>1940<\/td><td>Wawel Krakau<\/td><td>2:18:36<\/td><\/tr><tr><td>8.<\/td><td>1973<\/td><td>Truppel Joachim<\/td><td>1951<\/td><td>DDR<\/td><td>2:16:08<\/td><\/tr><tr><td>9.<\/td><td>1974<\/td><td>\u0141\u0119gowski Edward<\/td><td>1947<\/td><td>Legia Warschau<\/td><td>2:16:48<\/td><\/tr><tr><td>10.<\/td><td>1975<\/td><td>HillRonald<\/td><td>1938<\/td><td>Gro\u00dfbritannien<\/td><td>2:12:35<\/td><\/tr><tr><td>11.<\/td><td>1976<\/td><td>Moseev Leonid<\/td><td>1952<\/td><td>UdSSR<\/td><td>2:12:20<\/td><\/tr><tr><td>12.<\/td><td>1977<\/td><td>Kazimierz-Adler<\/td><td>1943<\/td><td>G\u00f3rnik Jaworzno<\/td><td>2:13:44<\/td><\/tr><tr><td>13.<\/td><td>1978<\/td><td>Marczak Ryszard<\/td><td>1945<\/td><td>Zawisza Bydgoszcz<\/td><td>2:15:27<\/td><\/tr><tr><td rowspan=\"2\">14.<\/td><td rowspan=\"2\">1979<\/td><td>Pierzynka Zbigniew<\/td><td>1951<\/td><td>Wis\u0142a Krakau<\/td><td>2:16:10<\/td><\/tr><tr><td>Vahlensieck Christa<\/td><td>1949<\/td><td>West Deutschland<\/td><td>2:41:57<\/td><\/tr><tr><td>15.<\/td><td>1980<\/td><td>Pierzynka Zbigniew<\/td><td>1951<\/td><td>Wis\u0142a Krakau<\/td><td>2:13:30<\/td><\/tr><tr><td rowspan=\"2\">16.<\/td><td rowspan=\"2\">1981<\/td><td>Marczak Ryszard<\/td><td>1945<\/td><td>Zawisza Bydgoszcz<\/td><td>2:14:17<\/td><\/tr><tr><td>Be\u0142towska-K\u00f6nig Anna<\/td><td>1949<\/td><td>Hutnik Krakau<\/td><td>2:52:35<\/td><\/tr><tr><td rowspan=\"2\">17.<\/td><td rowspan=\"2\">1982<\/td><td>Du kopierst Ryszard<\/td><td>1952<\/td><td>G\u00f3rnik Brzeszcze<\/td><td>2:14:49<\/td><\/tr><tr><td>Rulcova Vlast<\/td><td>1944<\/td><td>CSRS<\/td><td>2:40:46<\/td><\/tr><tr><td rowspan=\"2\">18.<\/td><td rowspan=\"2\">1983<\/td><td>Kowol Jerzy<\/td><td>1951<\/td><td>G\u00f3rnik Zabrze<\/td><td>2:14:48<\/td><\/tr><tr><td>Urbanova Jarmila<\/td><td>1950<\/td><td>CSRS<\/td><td>2:38:51<\/td><\/tr><tr><td rowspan=\"2\">19.<\/td><td rowspan=\"2\">1984<\/td><td>Ratkowski Wojciech<\/td><td>1954<\/td><td>AZS Danzig<\/td><td>2:12:49<\/td><\/tr><tr><td>Melicherova Ludmila<\/td><td>1964<\/td><td>CSRS<\/td><td>2:36:31<\/td><\/tr><tr><td rowspan=\"2\">20.<\/td><td rowspan=\"2\">1985<\/td><td>Misiewicz Ryszard<\/td><td>1957<\/td><td>Zawisza Bydgoszcz<\/td><td>2:14:26<\/td><\/tr><tr><td>Walendziak Renata<\/td><td>1950<\/td><td>Baltisches Gdynia<\/td><td>2:39:27<\/td><\/tr><tr><td rowspan=\"2\">21.<\/td><td rowspan=\"2\">1986<\/td><td>Antoni Niemczak<\/td><td>1955<\/td><td>Schlesien Breslau<\/td><td>2:10:34<\/td><\/tr><tr><td>Walendziak Renata<\/td><td>1950<\/td><td>Baltisches Gdynia<\/td><td>2:32:30<\/td><\/tr><tr><td rowspan=\"2\">22.<\/td><td rowspan=\"2\">1987<\/td><td>Vrabel Martin<\/td><td>1958<\/td><td>CSRS<\/td><td>2:14:15<\/td><\/tr><tr><td>Szyd\u0142owska Ewa<\/td><td>1960<\/td><td>Baltisches Gdynia<\/td><td>2:37:44<\/td><\/tr><tr><td rowspan=\"2\">23.<\/td><td rowspan=\"2\">1988<\/td><td>Wiktor Sawicki<\/td><td>1955<\/td><td>Wawel Krakau<\/td><td>2:12:26<\/td><\/tr><tr><td>Panfil Wanda<\/td><td>1959<\/td><td>Lechia Tomasz\u00f3w<\/td><td>2:32:23<\/td><\/tr><tr><td rowspan=\"2\">24.<\/td><td rowspan=\"2\">1989<\/td><td>Stellvertreter Marek<\/td><td>1964<\/td><td>Ole\u015bniczanka Ole\u015bnica<\/td><td>2:15:00<\/td><\/tr><tr><td>Chylinska Krystyna<\/td><td>1964<\/td><td>Starten Sie Lublin<\/td><td>2:38:20<\/td><\/tr><tr><td rowspan=\"2\">25.<\/td><td rowspan=\"2\">1990<\/td><td>Kazanecki J\u00f3zef<\/td><td>1965<\/td><td>Wawel Krakau<\/td><td>2:16:04<\/td><\/tr><tr><td>Chmarzy\u0144ska Krystyna<\/td><td>1967<\/td><td>Eisenbahner Bydgoszcz<\/td><td>2:40:02<\/td><\/tr><tr><td rowspan=\"2\">26.<\/td><td rowspan=\"2\">1999<\/td><td>Nowak Andrzej<\/td><td>1966<\/td><td>Montbud Nowogard<\/td><td>2:16:19<\/td><\/tr><tr><td>Kuta Krystyna<\/td><td>1967<\/td><td>Serock<\/td><td>2:36:36<\/td><\/tr><tr><td rowspan=\"2\">27.<\/td><td rowspan=\"2\">2000<\/td><td>Pob\u0142ocki Piotr<\/td><td>1965<\/td><td>Farm Frites L\u0119bork<\/td><td>2:15:28<\/td><\/tr><tr><td>Peterkova Alena<\/td><td>1960<\/td><td>Die tschechische Republik<\/td><td>2:34:22<\/td><\/tr><tr><td rowspan=\"2\">28.<\/td><td rowspan=\"2\">2001<\/td><td>Plawgo Miros\u0142aw<\/td><td>1970<\/td><td>Ole\u015bniczanka Ole\u015bnica<\/td><td>2:12:27<\/td><\/tr><tr><td>Jarosz El\u017cbieta<\/td><td>1971<\/td><td>Schlesien Breslau<\/td><td>2:37:02<\/td><\/tr><tr><td rowspan=\"2\">29.<\/td><td rowspan=\"2\">2002<\/td><td>Tanus Samwell<\/td><td>1969<\/td><td>Kenia<\/td><td>2:13:27<\/td><\/tr><tr><td>Syrek Gra\u017cyna<\/td><td>1972<\/td><td>Olimpia Posen<\/td><td>2:37:39<\/td><\/tr><tr><td rowspan=\"2\">30.<\/td><td rowspan=\"2\">2003<\/td><td>Glinka Waldemar<\/td><td>1968<\/td><td>GLKS Schweidnitz<\/td><td>2:14:48<\/td><\/tr><tr><td><strong>Syrek Gra\u017cyna<\/strong><\/td><td><strong>1972<\/strong><\/td><td><strong>Olimpia Posen<\/strong><\/td><td><strong>2:32:09<\/strong><\/td><\/tr><tr><td rowspan=\"2\">31.<\/td><td rowspan=\"2\">2004<\/td><td>Glinka Waldemar<\/td><td>1968<\/td><td>GLKS Schweidnitz<\/td><td>2:12:13<\/td><\/tr><tr><td>Drybulska Monika<\/td><td>1980<\/td><td>Olimpia Posen<\/td><td>2:33:27<\/td><\/tr><tr><td rowspan=\"2\">32.<\/td><td rowspan=\"2\">2005<\/td><td>W\u00f3jcik Rafa\u0142<\/td><td>1972<\/td><td>KKL Kielce<\/td><td>2:14:47<\/td><\/tr><tr><td>Karnatsevich Halina<\/td><td>1969<\/td><td>Wei\u00dfrussland<\/td><td>2:39:53<\/td><\/tr><tr><td rowspan=\"2\">33.<\/td><td rowspan=\"2\">2006<\/td><td>W\u00f3jcik Rafa\u0142<\/td><td>1972<\/td><td>KKL Kielce<\/td><td>2:14:11<\/td><\/tr><tr><td>Mazovka Elena<\/td><td>1967<\/td><td>Wei\u00dfrussland<\/td><td>2:36:41<\/td><\/tr><tr><td rowspan=\"2\">34.<\/td><td rowspan=\"2\">2007<\/td><td>Ochal Pawe\u0142<\/td><td>1981<\/td><td>Roszak Solec Kujawski<\/td><td>2:15:31<\/td><\/tr><tr><td>Kulesh Natalia<\/td><td>1978<\/td><td>Wei\u00dfrussland<\/td><td>2:40:46<\/td><\/tr><tr><td rowspan=\"2\">35.&nbsp;&nbsp;&nbsp;&nbsp;&nbsp;&nbsp;&nbsp;&nbsp;&nbsp;&nbsp;&nbsp;&nbsp;&nbsp;&nbsp;&nbsp;&nbsp;&nbsp;&nbsp;&nbsp;&nbsp;&nbsp;&nbsp;&nbsp;&nbsp;&nbsp;&nbsp;&nbsp;&nbsp;&nbsp;&nbsp;&nbsp;&nbsp;&nbsp;&nbsp;&nbsp;&nbsp;&nbsp;&nbsp;&nbsp;<\/td><td rowspan=\"2\">2008<\/td><td>Hychun Yuriy<\/td><td>1977<\/td><td>Ukraine<\/td><td>2:10:59<\/td><\/tr><tr><td>Drybulska Monika<\/td><td>1980<\/td><td>Grunwald Posen<\/td><td>2:33:42<\/td><\/tr><tr><td rowspan=\"2\">36.<\/td><td rowspan=\"2\">2009<\/td><td>Kibowen-Kosgei Mathew<\/td><td>1983<\/td><td>Kenia<\/td><td>2:14:29<\/td><\/tr><tr><td>Lewandowska Edyta<\/td><td>1980<\/td><td>RKS \u0141\u00f3d\u017a<\/td><td>2:35:42<\/td><\/tr><tr><td rowspan=\"2\">37.<\/td><td rowspan=\"2\">2010<\/td><td>Kosgei Komen Joel<\/td><td>1987<\/td><td>Kenia&nbsp;&nbsp;&nbsp;&nbsp;<\/td><td>2:15:00<\/td><\/tr><tr><td>Gruca Dorota<\/td><td>1970<\/td><td>Agros Zamo\u015b\u0107&nbsp;&nbsp;&nbsp;<\/td><td>2:39:19<\/td><\/tr><tr><td rowspan=\"2\">38.<\/td><td rowspan=\"2\">2011<\/td><td>Babaryka Ivan<\/td><td>1982<\/td><td>Ukraine&nbsp;&nbsp;&nbsp;<\/td><td>2:13:16<\/td><\/tr><tr><td>Butakova Maria<\/td><td>1980<\/td><td>Wei\u00dfrussland&nbsp;&nbsp;<\/td><td>2:44:53<\/td><\/tr><tr><td rowspan=\"2\">39.<\/td><td rowspan=\"2\">2012<\/td><td>Kiprono Metto David<\/td><td>1990<\/td><td>Kenia<\/td><td>2:12:53<\/td><\/tr><tr><td>Mazuronak Volha<\/td><td>1989<\/td><td>Wei\u00dfrussland&nbsp;<\/td><td>2:33:56<\/td><\/tr><tr><td rowspan=\"2\">40.<\/td><td rowspan=\"2\">2013<\/td><td>Beriso Desto Morkama<\/td><td>1985<\/td><td>\u00c4thiopien<\/td><td>2:13:48<\/td><\/tr><tr><td>Gortel-Maciuk Agnieszka<\/td><td>1977<\/td><td>AKS Chorz\u00f3w<\/td><td>2:40:03<\/td><\/tr><tr><td rowspan=\"2\">41.<\/td><td rowspan=\"2\">2014<\/td><td><strong>Kyeva Cosmas Mutuku<\/strong><\/td><td><strong>1985<\/strong><\/td><td><strong>Kenia<\/strong><\/td><td><strong>2:09:57<\/strong><\/td><\/tr><tr><td>Meloch Arleta<\/td><td>1979<\/td><td>Olimpia Grudzi\u0105dz<\/td><td>2:43:02<\/td><\/tr><tr><td rowspan=\"2\">42.<\/td><td rowspan=\"2\">2015<\/td><td>Kipkorir Kangogo Felix<\/td><td>1985<\/td><td>Kenia<\/td><td>2:14:28<\/td><\/tr><tr><td>Korir Rebecca Jepcuchir<\/td><td>1992<\/td><td>Kenia<\/td><td>2:44:52<\/td><\/tr><tr><td rowspan=\"2\">43.<\/td><td rowspan=\"2\">2016<\/td><td>Kyeva Cosmas Mutuku<\/td><td>1985<\/td><td>Kenia<\/td><td>2:11:56<\/td><\/tr><tr><td>Jepngetich Barsosio Stellah<\/td><td>1993<\/td><td>Kenia<\/td><td>2:33:13<\/td><\/tr><tr><td rowspan=\"2\">44.<\/td><td rowspan=\"2\">&nbsp;&nbsp; 2017<\/td><td>Wambua Nduva Bonifatius<\/td><td>1984<\/td><td>Kenia<\/td><td>2:16:47<\/td><\/tr><tr><td>Mukami Waithira Kellen<\/td><td>1987<\/td><td>Kenia<\/td><td>2:40:05<\/td><\/tr><tr><td rowspan=\"2\">45.<\/td><td rowspan=\"2\">2018<\/td><td>Kiprono Metto David<\/td><td>1990<\/td><td>Kenia<\/td><td>2:14:48<\/td><\/tr><tr><td>Somava Iryna<\/td><td>1990<\/td><td>Wei\u00dfrussland<\/td><td>2:39:06<\/td><\/tr><tr><td rowspan=\"2\">46.<\/td><td rowspan=\"2\">2019<\/td><td>Wambua Nduva Bonifatius<\/td><td>1984<\/td><td>Kenia<\/td><td>2:16:47<\/td><\/tr><tr><td>Brzezi\u0144ska Aleksandra<\/td><td>1991<\/td><td>MKL Toru\u0144<\/td><td>2:34:51<\/td><\/tr><tr><td rowspan=\"2\">47.<\/td><td rowspan=\"2\">2021<\/td><td>Gardzielewski Arkadiusz<\/td><td>1986<\/td><td>Schlesien Breslau<\/td><td>2:10:31<\/td><\/tr><tr><td>Aleksandra Lisowska<\/td><td>1990<\/td><td>UWM Olsztyn<\/td><td>2:26:08<\/td><\/tr><tr><td rowspan=\"2\">48.<\/td><td rowspan=\"2\">2022<\/td><td>Kyeva Cosmas Mutuku<\/td><td>1990<\/td><td>Kenia<\/td><td>2:16:37<\/td><\/tr><tr><td>Jackiewicz Monika<\/td><td>1992<\/td><td>MKL Stettin<\/td><td>2:29:51<\/td><\/tr><tr><td rowspan=\"2\">49.<\/td><td rowspan=\"2\">2023<\/td><td>Adrian ist angekommen<\/td><td>1991<\/td><td>I\u0142awa<\/td><td>2:22:01<\/td><\/tr><tr><td>Pastorova Petra<\/td><td>1977<\/td><td>Die tschechische Republik<\/td><td>2:45:54<\/td><\/tr><\/tbody><\/table><\/figure>\n\n\n\n<p>Der D\u0118BNO-MARATHON ist der \u00e4lteste, beste und einer der schnellsten Marathonl\u00e4ufe in Polen. Der Durchschnitt der zehn besten Ergebnisse liegt bei den Damen bei 2:29:34 und bei den Herren bei 2:11:03.<\/p>\n\n\n\n<p>\u00a0\u00a0 Hergestellt von Anna Witkowska<\/p>","protected":false},"excerpt":{"rendered":"<p>GEWINNER DES D\u0118BNO-MARATHON 1966-2023 Nr. Jahr Vor- und Nachname Jahr Land-Club-Stadt Ergebnis 1. 1966 Bogusz Zdzis\u0142aw 1937 Warszawianka Warschau 1:08:41 (21,5) 2. 1967 Bogusz Zdzis\u0142aw 1937 Warszawianka Warschau 1:06:39 (21,5) 3. 1968 Bogusz Zdzis\u0142aw 1937 Warszawianka Warschau 1:20:50 (26,5) 4. 1969 Wielikorodnyj Yurij 1942 UdSSR 2:21:18 5. 1970 Gottert Steffen 1939 DDR 2:22:45 6. 1971 [\u2026]<\/p>","protected":false},"author":1,"featured_media":0,"parent":0,"menu_order":0,"comment_status":"closed","ping_status":"closed","template":"","meta":{"footnotes":""},"_links":{"self":[{"href":"https:\/\/www.maratondebno.pl\/de\/wp-json\/wp\/v2\/pages\/4321"}],"collection":[{"href":"https:\/\/www.maratondebno.pl\/de\/wp-json\/wp\/v2\/pages"}],"about":[{"href":"https:\/\/www.maratondebno.pl\/de\/wp-json\/wp\/v2\/types\/page"}],"author":[{"embeddable":true,"href":"https:\/\/www.maratondebno.pl\/de\/wp-json\/wp\/v2\/users\/1"}],"replies":[{"embeddable":true,"href":"https:\/\/www.maratondebno.pl\/de\/wp-json\/wp\/v2\/comments?post=4321"}],"version-history":[{"count":4,"href":"https:\/\/www.maratondebno.pl\/de\/wp-json\/wp\/v2\/pages\/4321\/revisions"}],"predecessor-version":[{"id":5112,"href":"https:\/\/www.maratondebno.pl\/de\/wp-json\/wp\/v2\/pages\/4321\/revisions\/5112"}],"wp:attachment":[{"href":"https:\/\/www.maratondebno.pl\/de\/wp-json\/wp\/v2\/media?parent=4321"}],"curies":[{"name":"wp","href":"https:\/\/api.w.org\/{rel}","templated":true}]}}