{"id":4279,"date":"2024-01-05T17:08:26","date_gmt":"2024-01-05T16:08:26","guid":{"rendered":"http:\/\/www.maratondebno.hmcloud.pl\/?page_id=4279"},"modified":"2024-01-31T12:29:37","modified_gmt":"2024-01-31T11:29:37","slug":"historia-maratonu-debno","status":"publish","type":"page","link":"https:\/\/www.maratondebno.pl\/de\/historia-maratonu-debno\/","title":{"rendered":"Geschichte des D\u0119bno-Marathons"},"content":{"rendered":"<h1 class=\"wp-block-heading\">Geschichte des D\u0119bno-Marathons<\/h1>\n\n\n\n<p>Ein paar Worte zum D\u0119bno-Marathon\u2026<\/p>\n\n\n\n<p>Die Anf\u00e4nge des D\u0119bno-Laufs reichen bis ins Jahr 1966 zur\u00fcck. Damals kam Henryk Witkowski auf die Idee, den 1000. Jahrestag des polnischen Staates mit der Organisation eines Laufs zu feiern. Es waren keine einfachen Zeiten, denn jede Initiative bedurfte der Zustimmung der damaligen Landesbeh\u00f6rden. Daher hat der Initiator unserer Veranstaltung eine historische Route von Cedynia nach Siekierki vorgeschlagen.<\/p>\n\n\n\n<figure class=\"wp-block-image size-large\"><img fetchpriority=\"high\" decoding=\"async\" width=\"1024\" height=\"576\" src=\"https:\/\/www.maratondebno.pl\/wp-content\/uploads\/2024\/01\/3_o-1024x576.jpg\" alt=\"\" class=\"wp-image-5044\" srcset=\"https:\/\/www.maratondebno.pl\/wp-content\/uploads\/2024\/01\/3_o-1024x576.jpg 1024w, https:\/\/www.maratondebno.pl\/wp-content\/uploads\/2024\/01\/3_o-300x169.jpg 300w, https:\/\/www.maratondebno.pl\/wp-content\/uploads\/2024\/01\/3_o-768x432.jpg 768w, https:\/\/www.maratondebno.pl\/wp-content\/uploads\/2024\/01\/3_o-1536x864.jpg 1536w, https:\/\/www.maratondebno.pl\/wp-content\/uploads\/2024\/01\/3_o.jpg 2048w\" sizes=\"(max-width: 1024px) 100vw, 1024px\" \/><\/figure>\n\n\n\n<p>Die erste Auflage des Rennens fand am 22. Juli 1966 unter dem Namen 1. Kleiner Marathon \u201eF\u00fcr das blaue Band der Friedensgrenze\u201c statt. An der Distanz von 21,5 km nahmen 24 Teilnehmer teil. Zdzis\u0142aw Bogusz gewann. Und ich glaube nicht, dass damals irgendjemand gedacht h\u00e4tte, dass das Rennen eine l\u00e4ngere Tradition haben w\u00fcrde.<\/p>\n\n\n\n<p>Die Distanz wurde nach und nach erweitert. Im Jahr 1969 wurde schlie\u00dflich von einem Vollmarathon gesprochen. Gleichzeitig erhielt das Rennen den Rang einer polnischen Meisterschaft. Die Veranstaltung erlangte internationale Bedeutung. Wir haben L\u00e4ufer nicht nur aus den Nachbarl\u00e4ndern, sondern von nahezu allen Kontinenten empfangen. Der ber\u00fchmteste ausl\u00e4ndische L\u00e4ufer, der an unserem Marathon teilnahm, war der Brite Ronald Hill, der vor seinem Start in D\u0119bno im Jahr 1975 bereits eine Gold- und Bronzemedaille bei den Europameisterschaften gewonnen und den legend\u00e4ren Boston-Marathon gewonnen hatte.<\/p>\n\n\n\n<figure class=\"wp-block-image size-large\"><img decoding=\"async\" width=\"1024\" height=\"576\" src=\"https:\/\/www.maratondebno.pl\/wp-content\/uploads\/2024\/01\/4jpg-1024x576.jpg\" alt=\"\" class=\"wp-image-5045\" srcset=\"https:\/\/www.maratondebno.pl\/wp-content\/uploads\/2024\/01\/4jpg-1024x576.jpg 1024w, https:\/\/www.maratondebno.pl\/wp-content\/uploads\/2024\/01\/4jpg-300x169.jpg 300w, https:\/\/www.maratondebno.pl\/wp-content\/uploads\/2024\/01\/4jpg-768x432.jpg 768w, https:\/\/www.maratondebno.pl\/wp-content\/uploads\/2024\/01\/4jpg-1536x864.jpg 1536w, https:\/\/www.maratondebno.pl\/wp-content\/uploads\/2024\/01\/4jpg.jpg 2048w\" sizes=\"(max-width: 1024px) 100vw, 1024px\" \/><\/figure>\n\n\n\n<p>Im Jahr 1973 wurde die Veranstaltung von Cedynia nach D\u0119bno verlegt, wo sie zun\u00e4chst (bis 1986) auf einer Strecke mit f\u00fcnf Schleifen ausgetragen wurde: D\u0119bno-Barn\u00f3wko-D\u0119bno. Auf dieser Route entstand die Legende des erstaunlichen Ryszard Marczak.<\/p>\n\n\n\n<p>1979 nahm die erste Frau in der Geschichte dieses Rennens \u2013 Christa Vahlensieck aus Deutschland \u2013 am Marathon in D\u0119bno teil. Die Strecke wurde 1981 von Anna Be\u0142towska f\u00fcr polnische Marathonl\u00e4ufer gepflastert.<\/p>\n\n\n\n<p>Das Jahr 1986 brachte ein Rennen, das in die Geschichte des Weltmarathons einging, als zwei polnische Rekorde gebrochen wurden. Antoni Niemczak erreichte ein unglaubliches Ergebnis von 2:10:34. Renata Walendziak und 2:32:30. Die Ergebnisse dieses Laufs waren atemberaubend. Das Ergebnis von 2:20:00 ergab nur den 35. Platz. Und es war praktisch der letzte Lauf auf dieser Strecke\u2026<\/p>\n\n\n\n<p>Seit 1987 messen sich die Teilnehmer auf einer Strecke, die aus drei Schleifen in der folgenden Konfiguration besteht: D\u0119bno \u2013 Dargomy\u015bl \u2013 Cychry \u2013 D\u0119bno oder D\u0119bno \u2013 Cychry \u2013 Dargomy\u015bl \u2013 D\u0119bno. Es war sicherlich nicht so flach und f\u00f6rderlich f\u00fcr gute Ergebnisse wie das vorherige, aber es f\u00fchrte zu einer geringeren Anzahl von \u201eDoppelg\u00e4ngen\u201c.<\/p>\n\n\n\n<figure class=\"wp-block-image size-large\"><img decoding=\"async\" width=\"1024\" height=\"576\" src=\"https:\/\/www.maratondebno.pl\/wp-content\/uploads\/2024\/01\/5o-1024x576.jpg\" alt=\"\" class=\"wp-image-5046\" srcset=\"https:\/\/www.maratondebno.pl\/wp-content\/uploads\/2024\/01\/5o-1024x576.jpg 1024w, https:\/\/www.maratondebno.pl\/wp-content\/uploads\/2024\/01\/5o-300x169.jpg 300w, https:\/\/www.maratondebno.pl\/wp-content\/uploads\/2024\/01\/5o-768x432.jpg 768w, https:\/\/www.maratondebno.pl\/wp-content\/uploads\/2024\/01\/5o-1536x864.jpg 1536w, https:\/\/www.maratondebno.pl\/wp-content\/uploads\/2024\/01\/5o.jpg 2048w\" sizes=\"(max-width: 1024px) 100vw, 1024px\" \/><\/figure>\n\n\n\n<p>1988 stand Wanda Panfil, die gerade ihre Marathonkarriere begann, am Start des Marathons in D\u0119bno. Ihre Rivalen hatten gegen sie keine Chance. Sie gewann mit einer Zeit von 2:32:23 und stellte damit einen neuen Frauenrekord beim D\u0119bno-Marathon auf. Der Rekord von Wanda Panfil hielt bis 2003.&nbsp;<\/p>\n\n\n\n<p>In den Jahren 1991-1998 wurde der Marathon in D\u0119bno nicht ausgetragen. Seine R\u00fcckkehr auf die Stra\u00dfen der Stadt im Jahr 1999 l\u00f6ste bei den Einwohnern viele R\u00e4tsel aus. Viele fragten sich, ob die R\u00fcckkehr dieser Flaggschiff-Laufveranstaltung f\u00fcr D\u0119bno nur eine Episode oder eine erfolgreiche R\u00fcckkehr zu einer langj\u00e4hrigen Tradition sein w\u00fcrde.<\/p>\n\n\n\n<p>Die Besucherzahl des Rennens stieg von Jahr zu Jahr. Tats\u00e4chlich beendeten 1999 89 Personen das Rennen. Doch in den Folgejahren war die Tendenz deutlich steigend. Im Jahr 2000 erhielt D\u0119bno das Recht, die polnischen Marathonmeisterschaften der Frauen auszurichten, und im Jahr 2001 auch die der M\u00e4nner.<\/p>\n\n\n\n<p>Der H\u00f6hepunkt des 29. D\u0119bno-Marathons 2002 war der erste Start afrikanischer Teilnehmer in der Geschichte unseres Rennens. Es waren Kenianer \u2013 Samwel Tangus und Paul Ngeny. Sie erregten beim Publikum, das den Marathon-Wettkampf verfolgte, Bewunderung.<\/p>\n\n\n\n<figure class=\"wp-block-image size-large\"><img loading=\"lazy\" decoding=\"async\" width=\"1024\" height=\"576\" src=\"https:\/\/www.maratondebno.pl\/wp-content\/uploads\/2024\/01\/6o-1024x576.jpg\" alt=\"\" class=\"wp-image-5047\" srcset=\"https:\/\/www.maratondebno.pl\/wp-content\/uploads\/2024\/01\/6o-1024x576.jpg 1024w, https:\/\/www.maratondebno.pl\/wp-content\/uploads\/2024\/01\/6o-300x169.jpg 300w, https:\/\/www.maratondebno.pl\/wp-content\/uploads\/2024\/01\/6o-768x432.jpg 768w, https:\/\/www.maratondebno.pl\/wp-content\/uploads\/2024\/01\/6o-1536x864.jpg 1536w, https:\/\/www.maratondebno.pl\/wp-content\/uploads\/2024\/01\/6o.jpg 2048w\" sizes=\"(max-width: 1024px) 100vw, 1024px\" \/><\/figure>\n\n\n\n<p>Der H\u00f6hepunkt des 30. D\u0119bno-Marathons 2003 war der neue Damen-Rennrekord von Gra\u017cyna Syrek \u2013 2:32:09. Direkt hinter ihr \u00fcberquerte Monika Drybulska die Ziellinie, nur eine Sekunde vor der Einstellung des bisherigen Rekords in der Damenkategorie.<\/p>\n\n\n\n<p>Die Marathons 2004 und 2008 waren voller olympischer Nominierungen in D\u0119bno. Im Jahr 2004 erhielten Waldemar Glinka, Micha\u0142 Bartoszak und Monika Drybulska in D\u0119bno die Olympiap\u00e4sse. Im Jahr 2008 gewannen Henryk Szost und erneut Monika Drybulska die olympische Nominierung beim Marathon in D\u0119bno. \u00dcbrigens hat der aktuelle polnische Rekordhalter im Marathon seine ersten Marathonschritte in unserer Stadt gemacht.<\/p>\n\n\n\n<p>Die von Jahr zu Jahr steigende Teilnehmerzahl am D\u0119bno-Marathon f\u00fchrte dazu, dass die Rennstrecke im Jahr 2013 ge\u00e4ndert wurde und mit der heutigen identisch ist. Nach dem Start absolvieren die Teilnehmer zwei kleine Runden durch die Stra\u00dfen von D\u0119bno und m\u00fcnden dann in zwei gro\u00dfe Runden, die durch Dargomy\u015bl, Cychry und erneut durch die Stra\u00dfen von D\u0119bno f\u00fchren.<\/p>\n\n\n\n<figure class=\"wp-block-image size-large\"><img loading=\"lazy\" decoding=\"async\" width=\"1024\" height=\"576\" src=\"https:\/\/www.maratondebno.pl\/wp-content\/uploads\/2024\/01\/7o-1024x576.jpg\" alt=\"\" class=\"wp-image-5048\" srcset=\"https:\/\/www.maratondebno.pl\/wp-content\/uploads\/2024\/01\/7o-1024x576.jpg 1024w, https:\/\/www.maratondebno.pl\/wp-content\/uploads\/2024\/01\/7o-300x169.jpg 300w, https:\/\/www.maratondebno.pl\/wp-content\/uploads\/2024\/01\/7o-768x432.jpg 768w, https:\/\/www.maratondebno.pl\/wp-content\/uploads\/2024\/01\/7o-1536x864.jpg 1536w, https:\/\/www.maratondebno.pl\/wp-content\/uploads\/2024\/01\/7o.jpg 2048w\" sizes=\"(max-width: 1024px) 100vw, 1024px\" \/><\/figure>\n\n\n\n<p>Die neue Strecke des Rennens erwies sich ein Jahr sp\u00e4ter als erfolgreich, als der 28 Jahre alte Rekord des D\u0119bno-Marathons von Antoni Niemczak vom Kenianer Cosmas Kyeva Mutuku gebrochen wurde. Die Zeit, die er erreichte \u2013 2:09:57 \u2013 war atemberaubend. Der Teilnehmer absolvierte fast die gesamte Strecke alleine. Er war an diesem Tag un\u00fcbertroffen. Im Laufe der Zeit wiederholte sich die Geschichte noch zweimal. Dieser Athlet gewann dreimal den D\u0119bno-Marathon.<\/p>\n\n\n\n<p>Im Jahr 2021 erlebten Fans und Teilnehmer beim 47. D\u0119bno-Marathon unglaubliche Ereignisse. Tats\u00e4chlich lohnt es sich, dieser Ausgabe des Rennens mehr Aufmerksamkeit zu schenken. Zun\u00e4chst wurde die historische Rennstrecke, bestehend aus f\u00fcnf Runden: D\u0119bno \u2013 Barn\u00f3wko \u2013 D\u0119bno, vor\u00fcbergehend wiederhergestellt. Zweitens waren aufgrund der Covid-19-Beschr\u00e4nkungen nur wenige Leute am Start. Drittens und letztens waren unter den Teilnehmern die Besten der Besten zu sehen. Unter anderem bei M\u00e4nnern Krystian Zalewski, der aktuelle polnische Rekordhalter im Halbmarathon. Unter anderem bei Frauen Aleksandra Lisowska und Izabela Paszkiewicz k\u00e4mpfen um das olympische Minimum.<\/p>\n\n\n\n<p>Beide Wettbewerbe waren sehr spannend. Die endg\u00fcltigen Gewinner waren: Arkadiusz Gardzielewski mit einer Zeit von 2:10:31 und Aleksandra Lisowska. Mit einer Zeit von 2:26:08 unterbot die Olsztynerin nicht nur den bisherigen Marathon-Rekord von Gra\u017cyna Syrek aus dem Jahr 2003 um etwas mehr als 6 Minuten, sondern egalisierte auch den polnischen Marathon-Rekord von Ma\u0142gorzata Soba\u0144ska seit 2001.<\/p>\n\n\n\n<figure class=\"wp-block-image size-large\"><img loading=\"lazy\" decoding=\"async\" width=\"1024\" height=\"576\" src=\"https:\/\/www.maratondebno.pl\/wp-content\/uploads\/2024\/01\/8-1024x576.jpg\" alt=\"\" class=\"wp-image-5049\" srcset=\"https:\/\/www.maratondebno.pl\/wp-content\/uploads\/2024\/01\/8-1024x576.jpg 1024w, https:\/\/www.maratondebno.pl\/wp-content\/uploads\/2024\/01\/8-300x169.jpg 300w, https:\/\/www.maratondebno.pl\/wp-content\/uploads\/2024\/01\/8-768x432.jpg 768w, https:\/\/www.maratondebno.pl\/wp-content\/uploads\/2024\/01\/8-1536x864.jpg 1536w, https:\/\/www.maratondebno.pl\/wp-content\/uploads\/2024\/01\/8.jpg 2048w\" sizes=\"(max-width: 1024px) 100vw, 1024px\" \/><\/figure>\n\n\n\n<p>Der 47. D\u0119bno-Marathon 2021 brachte sechs Ergebnisse unter dem Minimum f\u00fcr die Olympischen Spiele in Tokio (Arkadiusz Gardzielewski, Kamil Karbowiak, Krystian Zalewski, Aleksandra Lisowska, And\u017celika Mach, Izabela Paszkiewicz) und egalisierte damit den polnischen Frauenrekord (Aleksandra Lisowska) und die beste Zeit beim Marathon-Deb\u00fct der M\u00e4nner (Krystian Zalewski).<\/p>\n\n\n\n<p>Der 48. D\u0119bno-Marathon 2022 fand bei windigen und regnerischen Wetterbedingungen statt. Cosmas Kyeva Mutuku feierte in D\u0119bno seinen dritten Triumph und Monika Jackiewicz erreichte in M\u00fcnchen die Mindestqualifikation f\u00fcr die Europameisterschaft.<\/p>\n\n\n\n<p>Der 49. D\u0119bno-Marathon 2023, der vor einem Jahr stattfand, war an diesem Tag nicht die einzige Laufveranstaltung in der Stadt. L\u00e4ufer hatten die M\u00f6glichkeit, an der ersten Ausgabe des Marathon Ten teilzunehmen, der weniger fortgeschrittene L\u00e4ufer zur Teilnahme ermutigen und gleichzeitig diejenigen, die ihr Laufabenteuer noch nicht begonnen hatten, zu k\u00f6rperlicher Aktivit\u00e4t anregen sollte. Die Gewinner des 49. D\u0119bno-Marathons 2023 waren Adrian Przyby\u0142a und Petra Pastorova.<\/p>\n\n\n\n<p>Herausgeber: Przemys\u0142aw Cytrynowicz<\/p>","protected":false},"excerpt":{"rendered":"<p>Geschichte des D\u0119bno-Marathons Ein paar Worte zum D\u0119bno-Marathon\u2026 Die Anf\u00e4nge des D\u0119bno-Marathons reichen bis ins Jahr 1966 zur\u00fcck. Damals hatte Henryk Witkowski die Idee, das 1000-j\u00e4hrige Jubil\u00e4um des polnischen Staates mit der Organisation eines Rennens zu feiern. Es waren keine einfachen Zeiten, denn jede Initiative bedurfte der Genehmigung der damaligen staatlichen Beh\u00f6rden. Daher schlug der Initiator unserer Veranstaltung eine historische Route von Cedynia nach Siekierki vor. [\u2026]<\/p>","protected":false},"author":1,"featured_media":0,"parent":0,"menu_order":0,"comment_status":"closed","ping_status":"closed","template":"","meta":{"footnotes":""},"_links":{"self":[{"href":"https:\/\/www.maratondebno.pl\/de\/wp-json\/wp\/v2\/pages\/4279"}],"collection":[{"href":"https:\/\/www.maratondebno.pl\/de\/wp-json\/wp\/v2\/pages"}],"about":[{"href":"https:\/\/www.maratondebno.pl\/de\/wp-json\/wp\/v2\/types\/page"}],"author":[{"embeddable":true,"href":"https:\/\/www.maratondebno.pl\/de\/wp-json\/wp\/v2\/users\/1"}],"replies":[{"embeddable":true,"href":"https:\/\/www.maratondebno.pl\/de\/wp-json\/wp\/v2\/comments?post=4279"}],"version-history":[{"count":4,"href":"https:\/\/www.maratondebno.pl\/de\/wp-json\/wp\/v2\/pages\/4279\/revisions"}],"predecessor-version":[{"id":5051,"href":"https:\/\/www.maratondebno.pl\/de\/wp-json\/wp\/v2\/pages\/4279\/revisions\/5051"}],"wp:attachment":[{"href":"https:\/\/www.maratondebno.pl\/de\/wp-json\/wp\/v2\/media?parent=4279"}],"curies":[{"name":"wp","href":"https:\/\/api.w.org\/{rel}","templated":true}]}}