{"id":382,"date":"2023-05-30T06:05:27","date_gmt":"2023-05-30T06:05:27","guid":{"rendered":"https:\/\/wgl-demo.net\/itconf\/?page_id=382"},"modified":"2024-01-18T09:22:56","modified_gmt":"2024-01-18T08:22:56","slug":"korona-maratonow-polskich","status":"publish","type":"page","link":"https:\/\/www.maratondebno.pl\/de\/korona-maratonow-polskich\/","title":{"rendered":"Krone der polnischen Marathons"},"content":{"rendered":"<div data-elementor-type=\"wp-page\" data-elementor-id=\"382\" class=\"elementor elementor-382\">\n\t\t\t\t\t\t\t\t\t<section class=\"elementor-section elementor-top-section elementor-element elementor-element-e88edd6 elementor-section-content-middle elementor-reverse-tablet elementor-reverse-mobile elementor-section-boxed elementor-section-height-default elementor-section-height-default\" data-id=\"e88edd6\" data-element_type=\"section\">\n\t\t\t\t\t\t<div class=\"elementor-container elementor-column-gap-default\">\n\t\t\t\t\t<div class=\"elementor-column elementor-col-50 elementor-top-column elementor-element elementor-element-dd921e4\" data-id=\"dd921e4\" data-element_type=\"column\">\n\t\t\t<div class=\"elementor-widget-wrap elementor-element-populated\">\n\t\t\t\t\t\t\t\t<div class=\"elementor-element elementor-element-3799298 elementor-widget elementor-widget-image\" data-id=\"3799298\" data-element_type=\"widget\" data-widget_type=\"image.default\">\n\t\t\t\t<div class=\"elementor-widget-container\">\n\t\t\t\t\t\t\t\t\t\t\t\t\t\t\t<img fetchpriority=\"high\" decoding=\"async\" width=\"1024\" height=\"680\" src=\"https:\/\/www.maratondebno.pl\/wp-content\/uploads\/2024\/01\/zalacznik.jpg\" class=\"attachment-full size-full wp-image-5034\" alt=\"\" srcset=\"https:\/\/www.maratondebno.pl\/wp-content\/uploads\/2024\/01\/zalacznik.jpg 1024w, https:\/\/www.maratondebno.pl\/wp-content\/uploads\/2024\/01\/zalacznik-300x199.jpg 300w, https:\/\/www.maratondebno.pl\/wp-content\/uploads\/2024\/01\/zalacznik-768x510.jpg 768w\" sizes=\"(max-width: 1024px) 100vw, 1024px\" \/>\t\t\t\t\t\t\t\t\t\t\t\t\t\t\t<\/div>\n\t\t\t\t<\/div>\n\t\t\t\t\t<\/div>\n\t\t<\/div>\n\t\t\t\t<div class=\"elementor-column elementor-col-50 elementor-top-column elementor-element elementor-element-4e5ee07\" data-id=\"4e5ee07\" data-element_type=\"column\">\n\t\t\t<div class=\"elementor-widget-wrap elementor-element-populated\">\n\t\t\t\t\t\t\t\t<div class=\"elementor-element elementor-element-4181974 elementor-widget__width-initial elementor-widget-tablet__width-inherit aleft elementor-widget elementor-widget-wgl-double-heading\" data-id=\"4181974\" data-element_type=\"widget\" data-widget_type=\"wgl-double-heading.default\">\n\t\t\t\t<div class=\"elementor-widget-container\">\n\t\t\t<div class=\"wgl-double-heading\"><div class=\"dblh__wrapper\"><h3 class=\"dblh__title-wrapper\"><span class=\"dblh__title dblh__title-1\">Krone der polnischen Marathons<\/span><\/h3><\/div><\/div>\t\t<\/div>\n\t\t\t\t<\/div>\n\t\t\t\t<div class=\"elementor-element elementor-element-3311f80 elementor-widget elementor-widget-spacer\" data-id=\"3311f80\" data-element_type=\"widget\" data-widget_type=\"spacer.default\">\n\t\t\t\t<div class=\"elementor-widget-container\">\n\t\t\t\t\t<div class=\"elementor-spacer\">\n\t\t\t<div class=\"elementor-spacer-inner\"><\/div>\n\t\t<\/div>\n\t\t\t\t<\/div>\n\t\t\t\t<\/div>\n\t\t\t\t<div class=\"elementor-element elementor-element-44d7efd elementor-widget__width-initial elementor-widget-tablet__width-inherit elementor-widget elementor-widget-text-editor\" data-id=\"44d7efd\" data-element_type=\"widget\" data-widget_type=\"text-editor.default\">\n\t\t\t\t<div class=\"elementor-widget-container\">\n\t\t\t\t\t\t\t<p>Die Krone der polnischen Marathons ist ein Projekt der vier gr\u00f6\u00dften Marathons in Polen:<\/p><ul><li>D\u0119bno-Marathon<\/li><li>Krakauer Marathon<\/li><li>Warschau-Marathon<\/li><li>Posen-Marathon<\/li><\/ul><p>Um die Krone des polnischen Marathons zu gewinnen, m\u00fcssen Sie alle oben genannten Rennen innerhalb von 24 Monaten absolvieren.<\/p>\t\t\t\t\t\t<\/div>\n\t\t\t\t<\/div>\n\t\t\t\t<div class=\"elementor-element elementor-element-602a046 aleft elementor-widget-icon-box wgl-icon-box elementor-widget elementor-widget-wgl-button\" data-id=\"602a046\" data-element_type=\"widget\" data-widget_type=\"wgl-button.default\">\n\t\t\t\t<div class=\"elementor-widget-container\">\n\t\t\t<a class=\"wgl-button btn-size-lg\" role=\"button\" href=\"https:\/\/www.maratondebno.pl\/regulamin-korony-maratonow-polskich\/\"><div class=\"button__content align-icon-left\"><div class=\"media-wrapper icon-wrapper\"><span class=\"wgl-icon\" ><i class=\"icon elementor-icon flaticon-right\" aria-hidden=\"true\"><\/i><\/span><\/div><span class=\"button__text\">Bestimmungen der Krone der polnischen Marathons<\/span><\/div><\/a>\t\t<\/div>\n\t\t\t\t<\/div>\n\t\t\t\t\t<\/div>\n\t\t<\/div>\n\t\t\t\t\t\t\t<\/div>\n\t\t<\/section>\n\t\t\t\t<section class=\"elementor-section elementor-top-section elementor-element elementor-element-0c8810e elementor-section-boxed elementor-section-height-default elementor-section-height-default\" data-id=\"0c8810e\" data-element_type=\"section\">\n\t\t\t\t\t\t<div class=\"elementor-container elementor-column-gap-default\">\n\t\t\t\t\t<div class=\"elementor-column elementor-col-33 elementor-top-column elementor-element elementor-element-282ba99\" data-id=\"282ba99\" data-element_type=\"column\">\n\t\t\t<div class=\"elementor-widget-wrap elementor-element-populated\">\n\t\t\t\t\t\t\t\t<div class=\"elementor-element elementor-element-9a5fa17 aleft elementor-widget elementor-widget-wgl-counter\" data-id=\"9a5fa17\" data-element_type=\"widget\" data-widget_type=\"wgl-counter.default\">\n\t\t\t\t<div class=\"elementor-widget-container\">\n\t\t\t<div class=\"wgl-counter title-inline\"><div class=\"wgl-counter_wrap\"><div class=\"content-wrap\"><div class=\"wgl-counter_value-wrap\"><div class=\"wgl-counter__placeholder-wrap\"><span class=\"wgl-counter__placeholder\">4<\/span><span class=\"wgl-counter__value\" data-start-value=\"0\" data-end-value=\"4\" data-speed=\"1200\" data-sep=\"\">0<\/span><\/div><\/div><div class=\"wgl-counter_title\">L\u00e4uft<\/div><\/div><\/div><\/div>\t\t<\/div>\n\t\t\t\t<\/div>\n\t\t\t\t\t<\/div>\n\t\t<\/div>\n\t\t\t\t<div class=\"elementor-column elementor-col-33 elementor-top-column elementor-element elementor-element-594e11d\" data-id=\"594e11d\" data-element_type=\"column\">\n\t\t\t<div class=\"elementor-widget-wrap elementor-element-populated\">\n\t\t\t\t\t\t\t\t<div class=\"elementor-element elementor-element-db1b143 aleft elementor-widget elementor-widget-wgl-counter\" data-id=\"db1b143\" data-element_type=\"widget\" data-widget_type=\"wgl-counter.default\">\n\t\t\t\t<div class=\"elementor-widget-container\">\n\t\t\t<div class=\"wgl-counter title-inline\"><div class=\"wgl-counter_wrap\"><div class=\"content-wrap\"><div class=\"wgl-counter_value-wrap\"><div class=\"wgl-counter__placeholder-wrap\"><span class=\"wgl-counter__placeholder\">24<\/span><span class=\"wgl-counter__value\" data-start-value=\"0\" data-end-value=\"24\" data-speed=\"1200\" data-sep=\"\">0<\/span><\/div><\/div><div class=\"wgl-counter_title\">Monate<\/div><\/div><\/div><\/div>\t\t<\/div>\n\t\t\t\t<\/div>\n\t\t\t\t\t<\/div>\n\t\t<\/div>\n\t\t\t\t<div class=\"elementor-column elementor-col-33 elementor-top-column elementor-element elementor-element-851044d\" data-id=\"851044d\" data-element_type=\"column\">\n\t\t\t<div class=\"elementor-widget-wrap elementor-element-populated\">\n\t\t\t\t\t\t\t\t<div class=\"elementor-element elementor-element-f1ead9e aleft elementor-widget elementor-widget-wgl-counter\" data-id=\"f1ead9e\" data-element_type=\"widget\" data-widget_type=\"wgl-counter.default\">\n\t\t\t\t<div class=\"elementor-widget-container\">\n\t\t\t<div class=\"wgl-counter title-inline\"><div class=\"wgl-counter_wrap\"><div class=\"content-wrap\"><div class=\"wgl-counter_value-wrap\"><div class=\"wgl-counter__placeholder-wrap\"><span class=\"wgl-counter__placeholder\">3500<\/span><span class=\"wgl-counter__value\" data-start-value=\"0\" data-end-value=\"3500\" data-speed=\"1200\" data-sep=\"\">0<\/span><\/div><\/div><div class=\"wgl-counter_title\">Eroberer<br\/>Kronen<\/div><\/div><\/div><\/div>\t\t<\/div>\n\t\t\t\t<\/div>\n\t\t\t\t\t<\/div>\n\t\t<\/div>\n\t\t\t\t\t\t\t<\/div>\n\t\t<\/section>\n\t\t<div class=\"elementor-element elementor-element-64af65f e-flex e-con-boxed e-con e-parent\" data-id=\"64af65f\" data-element_type=\"container\" data-settings=\"{&quot;content_width&quot;:&quot;boxed&quot;}\" data-core-v316-plus=\"true\">\n\t\t\t\t\t<div class=\"e-con-inner\">\n\t\t\t\t<div class=\"elementor-element elementor-element-2ca9bed elementor-widget elementor-widget-heading\" data-id=\"2ca9bed\" data-element_type=\"widget\" data-widget_type=\"heading.default\">\n\t\t\t\t<div class=\"elementor-widget-container\">\n\t\t\t<h2 class=\"elementor-heading-title elementor-size-default\">Krone der polnischen Marathons \u2013 Informationen<\/h2>\t\t<\/div>\n\t\t\t\t<\/div>\n\t\t\t\t<div class=\"elementor-element elementor-element-fe9b6f3 elementor-widget elementor-widget-text-editor\" data-id=\"fe9b6f3\" data-element_type=\"widget\" data-widget_type=\"text-editor.default\">\n\t\t\t\t<div class=\"elementor-widget-container\">\n\t\t\t\t\t\t\t<p><strong>Wie bewerbe ich mich f\u00fcr die Krone des polnischen Marathons?<\/strong><\/p><p>Eine Bewerbung um den Titel des Gewinners der Krone des polnischen Marathons kann nur elektronisch eingereicht werden. Es ist ein Konto im Online-Registrierungssystem erforderlich, das \u00fcber die Website verf\u00fcgbar ist <a href=\"https:\/\/korona.zis.krakow.pl\/crown\" target=\"_blank\" rel=\"noopener\">www.korona.zis.krakow.pl<\/a>. Der Bewerbungsprozess kann gestartet werden, nachdem Sie die Phase der Kontoregistrierung erfolgreich abgeschlossen, sich angemeldet und auf den Link \u201eJetzt bewerben\u201c geklickt haben.<\/p><p><strong>Wann sollte man sich f\u00fcr die Krone des polnischen Marathons bewerben?<\/strong><\/p><p>Bewerbungsschluss ist der 31. Dezember des Kalenderjahres, in dem der Sportler den f\u00fcnften Marathon absolviert hat; Ma\u00dfgeblich ist das Datum der Registrierung des Antrags im System. Bewerbungen, die nach Ablauf der Frist eingereicht werden, werden negativ bewertet.<\/p><p><strong>Wie hoch ist die Geb\u00fchr?<\/strong><\/p><p>Die Geb\u00fchr f\u00fcr die Krone der polnischen Marathons betr\u00e4gt 30 PLN.<\/p><p>\u00a0<\/p>\t\t\t\t\t\t<\/div>\n\t\t\t\t<\/div>\n\t\t\t\t\t<\/div>\n\t\t\t\t<\/div>\n\t\t\t\t\t\t\t<\/div>","protected":false},"excerpt":{"rendered":"<p>Die Krone der polnischen Marathons Die Krone der polnischen Marathons ist ein Projekt der vier gr\u00f6\u00dften Marathons Polens: D\u0119bno-Marathon Krakau-Marathon Warschau-Marathon Posen-Marathon Um die Krone der polnischen Marathons zu gewinnen, m\u00fcssen Sie alle oben genannten L\u00e4ufe innerhalb von 24 Monaten absolvieren. Teilnahmebedingungen der Krone der polnischen Marathons 40 L\u00e4ufe 240 Monate 35.000 Gewinner der Krone Informationen zur Krone der polnischen Marathons So bewerben Sie sich f\u00fcr die Krone der Marathons [\u2026]<\/p>","protected":false},"author":1,"featured_media":0,"parent":0,"menu_order":0,"comment_status":"closed","ping_status":"closed","template":"","meta":{"footnotes":""},"_links":{"self":[{"href":"https:\/\/www.maratondebno.pl\/de\/wp-json\/wp\/v2\/pages\/382"}],"collection":[{"href":"https:\/\/www.maratondebno.pl\/de\/wp-json\/wp\/v2\/pages"}],"about":[{"href":"https:\/\/www.maratondebno.pl\/de\/wp-json\/wp\/v2\/types\/page"}],"author":[{"embeddable":true,"href":"https:\/\/www.maratondebno.pl\/de\/wp-json\/wp\/v2\/users\/1"}],"replies":[{"embeddable":true,"href":"https:\/\/www.maratondebno.pl\/de\/wp-json\/wp\/v2\/comments?post=382"}],"version-history":[{"count":8,"href":"https:\/\/www.maratondebno.pl\/de\/wp-json\/wp\/v2\/pages\/382\/revisions"}],"predecessor-version":[{"id":5037,"href":"https:\/\/www.maratondebno.pl\/de\/wp-json\/wp\/v2\/pages\/382\/revisions\/5037"}],"wp:attachment":[{"href":"https:\/\/www.maratondebno.pl\/de\/wp-json\/wp\/v2\/media?parent=382"}],"curies":[{"name":"wp","href":"https:\/\/api.w.org\/{rel}","templated":true}]}}