{"id":1866,"date":"2023-06-13T08:37:53","date_gmt":"2023-06-13T08:37:53","guid":{"rendered":"https:\/\/wgl-demo.net\/itconf\/?page_id=1866"},"modified":"2026-02-05T21:03:52","modified_gmt":"2026-02-05T20:03:52","slug":"homepage-1","status":"publish","type":"page","link":"https:\/\/www.maratondebno.pl\/de\/","title":{"rendered":"Startseite"},"content":{"rendered":"<div data-elementor-type=\"wp-page\" data-elementor-id=\"1866\" class=\"elementor elementor-1866\">\n\t\t\t\t\t\t\t\t\t<section class=\"elementor-section elementor-top-section elementor-element elementor-element-ad97100 elementor-section-full_width elementor-section-height-default elementor-section-height-default\" data-id=\"ad97100\" data-element_type=\"section\">\n\t\t\t\t\t\t\t<div class=\"elementor-background-overlay\"><\/div>\n\t\t\t\t\t\t\t<div class=\"elementor-container elementor-column-gap-default\">\n\t\t\t\t\t<div class=\"elementor-column elementor-col-100 elementor-top-column elementor-element elementor-element-4f64bf1\" data-id=\"4f64bf1\" data-element_type=\"column\" data-settings=\"{&quot;background_background&quot;:&quot;classic&quot;}\">\n\t\t\t<div class=\"elementor-widget-wrap elementor-element-populated\">\n\t\t\t\t\t\t\t\t<div class=\"elementor-element elementor-element-4c9a23c elementor-widget elementor-widget-image\" data-id=\"4c9a23c\" data-element_type=\"widget\" data-widget_type=\"image.default\">\n\t\t\t\t<div class=\"elementor-widget-container\">\n\t\t\t\t\t\t\t\t\t\t\t\t\t\t\t<img loading=\"lazy\" decoding=\"async\" width=\"1600\" height=\"855\" src=\"https:\/\/www.maratondebno.pl\/wp-content\/uploads\/2026\/02\/www.jpg\" class=\"attachment-full size-full wp-image-5410\" alt=\"\" srcset=\"https:\/\/www.maratondebno.pl\/wp-content\/uploads\/2026\/02\/www.jpg 1600w, https:\/\/www.maratondebno.pl\/wp-content\/uploads\/2026\/02\/www-300x160.jpg 300w, https:\/\/www.maratondebno.pl\/wp-content\/uploads\/2026\/02\/www-1024x547.jpg 1024w, https:\/\/www.maratondebno.pl\/wp-content\/uploads\/2026\/02\/www-768x410.jpg 768w, https:\/\/www.maratondebno.pl\/wp-content\/uploads\/2026\/02\/www-1536x821.jpg 1536w, https:\/\/www.maratondebno.pl\/wp-content\/uploads\/2026\/02\/www-18x10.jpg 18w\" sizes=\"(max-width: 1600px) 100vw, 1600px\" \/>\t\t\t\t\t\t\t\t\t\t\t\t\t\t\t<\/div>\n\t\t\t\t<\/div>\n\t\t\t\t<div class=\"elementor-element elementor-element-3da02d5 dots_style-font elementor-widget__width-auto elementor-hidden-mobile acenter show_title_yes elementor-widget elementor-widget-wgl-countdown\" data-id=\"3da02d5\" data-element_type=\"widget\" data-settings=\"{&quot;_animation&quot;:&quot;none&quot;}\" data-widget_type=\"wgl-countdown.default\">\n\t\t\t\t<div class=\"elementor-widget-container\">\n\t\t\t<div id=\"countdown_69dfe3ae6dc58\" class=\"wgl-countdown has-dots\" data-atts=\"{&quot;format&quot;:&quot;dHMS&quot;,&quot;year&quot;:&quot;2025&quot;,&quot;month&quot;:&quot;10&quot;,&quot;day&quot;:&quot;19&quot;,&quot;hours&quot;:&quot;10&quot;,&quot;minutes&quot;:&quot;0&quot;,&quot;labels&quot;:[&quot;Years&quot;,&quot;Months&quot;,&quot;Weeks&quot;,&quot;Days&quot;,&quot;Hours&quot;,&quot;Minutes&quot;,&quot;Seconds&quot;],&quot;labels1&quot;:[&quot;Year&quot;,&quot;Month&quot;,&quot;Week&quot;,&quot;Day&quot;,&quot;Hour&quot;,&quot;Minute&quot;,&quot;Second&quot;]}\"><\/div>\t\t<\/div>\n\t\t\t\t<\/div>\n\t\t\t\t<div class=\"elementor-element elementor-element-5ad40d6 elementor-widget elementor-widget-spacer\" data-id=\"5ad40d6\" data-element_type=\"widget\" data-widget_type=\"spacer.default\">\n\t\t\t\t<div class=\"elementor-widget-container\">\n\t\t\t\t\t<div class=\"elementor-spacer\">\n\t\t\t<div class=\"elementor-spacer-inner\"><\/div>\n\t\t<\/div>\n\t\t\t\t<\/div>\n\t\t\t\t<\/div>\n\t\t\t\t\t<\/div>\n\t\t<\/div>\n\t\t\t\t\t\t\t<\/div>\n\t\t<\/section>\n\t\t\t\t<section class=\"elementor-section elementor-top-section elementor-element elementor-element-ecb3141 elementor-section-boxed elementor-section-height-default elementor-section-height-default\" data-id=\"ecb3141\" data-element_type=\"section\" data-settings=\"{&quot;background_background&quot;:&quot;classic&quot;}\">\n\t\t\t\t\t\t<div class=\"elementor-container elementor-column-gap-default\">\n\t\t\t\t\t<div class=\"elementor-column elementor-col-100 elementor-top-column elementor-element elementor-element-508c569\" data-id=\"508c569\" data-element_type=\"column\">\n\t\t\t<div class=\"elementor-widget-wrap elementor-element-populated\">\n\t\t\t\t\t\t\t\t<div class=\"elementor-element elementor-element-e7d5451 elementor-widget elementor-widget-spacer\" data-id=\"e7d5451\" data-element_type=\"widget\" data-widget_type=\"spacer.default\">\n\t\t\t\t<div class=\"elementor-widget-container\">\n\t\t\t\t\t<div class=\"elementor-spacer\">\n\t\t\t<div class=\"elementor-spacer-inner\"><\/div>\n\t\t<\/div>\n\t\t\t\t<\/div>\n\t\t\t\t<\/div>\n\t\t\t\t<div class=\"elementor-element elementor-element-696407c elementor-widget elementor-widget-spacer\" data-id=\"696407c\" data-element_type=\"widget\" data-widget_type=\"spacer.default\">\n\t\t\t\t<div class=\"elementor-widget-container\">\n\t\t\t\t\t<div class=\"elementor-spacer\">\n\t\t\t<div class=\"elementor-spacer-inner\"><\/div>\n\t\t<\/div>\n\t\t\t\t<\/div>\n\t\t\t\t<\/div>\n\t\t\t\t<div class=\"elementor-element elementor-element-19f17c0 elementor-widget elementor-widget-heading\" data-id=\"19f17c0\" data-element_type=\"widget\" data-widget_type=\"heading.default\">\n\t\t\t\t<div class=\"elementor-widget-container\">\n\t\t\t<h2 class=\"elementor-heading-title elementor-size-default\">Nachricht<\/h2>\t\t<\/div>\n\t\t\t\t<\/div>\n\t\t\t\t<div class=\"elementor-element elementor-element-0ff9cfd elementor-widget elementor-widget-wgl-blog\" data-id=\"0ff9cfd\" data-element_type=\"widget\" data-settings=\"{&quot;blog_columns&quot;:&quot;4&quot;}\" data-widget_type=\"wgl-blog.default\">\n\t\t\t\t<div class=\"elementor-widget-container\">\n\t\t\t<section class=\"wgl_cpt_section\"><div class=\"blog-posts\"><div class=\"container-grid row blog_columns-3 grid blog-style-standard\">    <div class=\"item wgl_col-4\">\n    <div class=\"blog-post format-standard-image\">\n    <div class=\"blog-post_wrapper\"><div class=\"blog-post_media\"><div class=\"blog-post_media_part\"><a href=\"https:\/\/www.maratondebno.pl\/de\/porozmawiajmy-o-maratonie-debno-elzbieta-jarosz\/\" class=\"media-link image-overlay\"><img decoding=\"async\" src=\"https:\/\/www.maratondebno.pl\/wp-content\/uploads\/2026\/04\/Kobiety-na-trasie-maratonu-w-2002-roku.-Z-nr-50-Grazyna-Syrek-\u2013-wieloletnia-rekordzistka-i-dwukrotna-zwyciezczyni-maratonu-w-Debnie-2002-i-2003-rok.-Z-nr-51-\u2013-Elzbieta-Jarosz-\u2013-triumfatorka-bieg-740x540.jpg\" alt=\"Kobiety na trasie maratonu w 2002 roku. Z nr 50 &#8211; Gra\u017cyna Syrek \u2013 wieloletnia rekordzistka i dwukrotna zwyci\u0119\u017cczyni maratonu w D\u0119bnie (2002 i 2003 rok). Z nr 51 \u2013 El\u017cbieta Jarosz \u2013 triumfatorka bieg\"><\/a><\/div><\/div>    <div class=\"blog-post_content\"><h2 class=\"blog-post_title\"><a href=\"https:\/\/www.maratondebno.pl\/de\/porozmawiajmy-o-maratonie-debno-elzbieta-jarosz\/\">Reden wir \u00fcber den D\u0119bno-Marathon... El\u017cbieta Jarosz<\/a><\/h2><div class=\"blog-post_text\">Zwei Tage nach dem Anmeldestart f\u00fcr den 52. D\u0119bno-Marathon 2026 laden wir Sie ein, den n\u00e4chsten Teil unserer Reihe \u201eD\u0119bno-Marathon im Fokus\u201c zu lesen. Dieses Mal m\u00f6chten wir Ihnen vorstellen\u2026<\/div><div class=\"clear\"><\/div><div class=\"blog-post_footer\">            <div class=\"read-more-wrap\">\n                <a href=\"https:\/\/www.maratondebno.pl\/de\/porozmawiajmy-o-maratonie-debno-elzbieta-jarosz\/\" class=\"button-read-more\"><span>mehr lesen<\/span>                <\/a>\n            <\/div>    <\/div>\n    <\/div>\n    <\/div>\n    <\/div>\n    <\/div>    <div class=\"item wgl_col-4\">\n    <div class=\"blog-post format-standard-image\">\n    <div class=\"blog-post_wrapper\"><div class=\"blog-post_media\"><div class=\"blog-post_media_part\"><a href=\"https:\/\/www.maratondebno.pl\/de\/zapisy-na-52-maraton-debno-2026\/\" class=\"media-link image-overlay\"><img decoding=\"async\" src=\"https:\/\/www.maratondebno.pl\/wp-content\/uploads\/2026\/04\/498534225_9779882345393240_6398841245460324373_n-740x540.jpg\" alt=\"498534225_9779882345393240_6398841245460324373_n\"><\/a><\/div><\/div>    <div class=\"blog-post_content\"><h2 class=\"blog-post_title\"><a href=\"https:\/\/www.maratondebno.pl\/de\/zapisy-na-52-maraton-debno-2026\/\">Anmeldung zum 52. D\u0119bno-Marathon 2026<\/a><\/h2><div class=\"blog-post_text\">Die Anmeldung f\u00fcr den 52. D\u0119bno-Marathon ist ab sofort m\u00f6glich! Es geht heute los! Die Anmeldung f\u00fcr den 52. D\u0119bno-Marathon \u2013 eine der wichtigsten und prestigetr\u00e4chtigsten Laufveranstaltungen Polens \u2013 ist offiziell er\u00f6ffnet. Ab heute...<\/div><div class=\"clear\"><\/div><div class=\"blog-post_footer\">            <div class=\"read-more-wrap\">\n                <a href=\"https:\/\/www.maratondebno.pl\/de\/zapisy-na-52-maraton-debno-2026\/\" class=\"button-read-more\"><span>mehr lesen<\/span>                <\/a>\n            <\/div>    <\/div>\n    <\/div>\n    <\/div>\n    <\/div>\n    <\/div>    <div class=\"item wgl_col-4\">\n    <div class=\"blog-post format-standard-image\">\n    <div class=\"blog-post_wrapper\"><div class=\"blog-post_media\"><div class=\"blog-post_media_part\"><a href=\"https:\/\/www.maratondebno.pl\/de\/__trashed\/\" class=\"media-link image-overlay\"><img decoding=\"async\" src=\"https:\/\/www.maratondebno.pl\/wp-content\/uploads\/2026\/03\/1978-1981-Ryszard-Marczak-740x540.jpg\" alt=\"1978-1981-Ryszard-Marczak\"><\/a><\/div><\/div>    <div class=\"blog-post_content\"><h2 class=\"blog-post_title\"><a href=\"https:\/\/www.maratondebno.pl\/de\/__trashed\/\">Lasst uns \u00fcber den D\u0119bno-Marathon sprechen... Die Legende von Ryszard Marczak<\/a><\/h2><div class=\"blog-post_text\">Wir laden Sie ein, den zweiten Teil der Serie \u201eLasst uns \u00fcber den D\u0119bno-Marathon sprechen\u2026\u201c zu lesen. Heute stellen wir Ihnen Ryszard Marczak vor, eine Legende des polnischen Marathonlaufs. Gleichzeitig\u2026<\/div><div class=\"clear\"><\/div><div class=\"blog-post_footer\">            <div class=\"read-more-wrap\">\n                <a href=\"https:\/\/www.maratondebno.pl\/de\/__trashed\/\" class=\"button-read-more\"><span>mehr lesen<\/span>                <\/a>\n            <\/div>    <\/div>\n    <\/div>\n    <\/div>\n    <\/div>\n    <\/div><\/div><\/div><\/section>\t\t<\/div>\n\t\t\t\t<\/div>\n\t\t\t\t<div class=\"elementor-element elementor-element-34bdea6 acenter elementor-widget-icon-box wgl-icon-box elementor-widget elementor-widget-wgl-button\" data-id=\"34bdea6\" data-element_type=\"widget\" data-widget_type=\"wgl-button.default\">\n\t\t\t\t<div class=\"elementor-widget-container\">\n\t\t\t<a class=\"wgl-button btn-size-lg\" role=\"button\" href=\"https:\/\/www.maratondebno.pl\/aktualnosci\/\"><div class=\"button__content align-icon-left\"><div class=\"media-wrapper icon-wrapper\"><span class=\"wgl-icon\" ><i class=\"icon elementor-icon flaticon-right\" aria-hidden=\"true\"><\/i><\/span><\/div><span class=\"button__text\">alles sehen<\/span><\/div><\/a>\t\t<\/div>\n\t\t\t\t<\/div>\n\t\t\t\t\t<\/div>\n\t\t<\/div>\n\t\t\t\t\t\t\t<\/div>\n\t\t<\/section>\n\t\t\t\t<section class=\"elementor-section elementor-top-section elementor-element elementor-element-2d8127b elementor-section-boxed elementor-section-height-default elementor-section-height-default\" data-id=\"2d8127b\" data-element_type=\"section\">\n\t\t\t\t\t\t<div class=\"elementor-container elementor-column-gap-default\">\n\t\t\t\t\t<div class=\"elementor-column elementor-col-100 elementor-top-column elementor-element elementor-element-c5ff4c2 elementor-invisible\" data-id=\"c5ff4c2\" data-element_type=\"column\" data-settings=\"{&quot;animation&quot;:&quot;fadeIn&quot;,&quot;animation_delay&quot;:200}\">\n\t\t\t<div class=\"elementor-widget-wrap elementor-element-populated\">\n\t\t\t\t\t\t\t\t<div class=\"elementor-element elementor-element-f26e0da elementor-widget elementor-widget-spacer\" data-id=\"f26e0da\" data-element_type=\"widget\" data-widget_type=\"spacer.default\">\n\t\t\t\t<div class=\"elementor-widget-container\">\n\t\t\t\t\t<div class=\"elementor-spacer\">\n\t\t\t<div class=\"elementor-spacer-inner\"><\/div>\n\t\t<\/div>\n\t\t\t\t<\/div>\n\t\t\t\t<\/div>\n\t\t\t\t<div class=\"elementor-element elementor-element-1fbf0c0 divider-yes aleft elementor-widget elementor-widget-wgl-double-heading\" data-id=\"1fbf0c0\" data-element_type=\"widget\" data-widget_type=\"wgl-double-heading.default\">\n\t\t\t\t<div class=\"elementor-widget-container\">\n\t\t\t<div class=\"wgl-double-heading\"><div class=\"dblh__subtitle\">Der \u00e4lteste Marathon in Polen<\/div><div class=\"dblh__wrapper\"><h2 class=\"dblh__title-wrapper\"><span class=\"dblh__title dblh__title-1\">D\u0119bno-Marathon<\/span><\/h2><\/div><\/div>\t\t<\/div>\n\t\t\t\t<\/div>\n\t\t\t\t<div class=\"elementor-element elementor-element-aeda215 elementor-widget__width-inherit elementor-widget elementor-widget-text-editor\" data-id=\"aeda215\" data-element_type=\"widget\" data-widget_type=\"text-editor.default\">\n\t\t\t\t<div class=\"elementor-widget-container\">\n\t\t\t\t\t\t\t<div id=\"history_inner_left\"><p><strong>D\u0119bno-Marathon<\/strong> ist das \u00e4lteste, beste und eines der schnellsten Marathonrennen in Polen. Der Durchschnitt der zehn besten Ergebnisse liegt bei den Damen bei 2:29:34 und bei den Herren bei 2:11:03.<\/p><\/div>\t\t\t\t\t\t<\/div>\n\t\t\t\t<\/div>\n\t\t\t\t<div class=\"elementor-element elementor-element-d10621c elementor-widget elementor-widget-spacer\" data-id=\"d10621c\" data-element_type=\"widget\" data-widget_type=\"spacer.default\">\n\t\t\t\t<div class=\"elementor-widget-container\">\n\t\t\t\t\t<div class=\"elementor-spacer\">\n\t\t\t<div class=\"elementor-spacer-inner\"><\/div>\n\t\t<\/div>\n\t\t\t\t<\/div>\n\t\t\t\t<\/div>\n\t\t\t\t\t<\/div>\n\t\t<\/div>\n\t\t\t\t\t\t\t<\/div>\n\t\t<\/section>\n\t\t\t\t<section class=\"elementor-section elementor-top-section elementor-element elementor-element-a533e75 elementor-section-height-min-height elementor-section-boxed elementor-section-height-default elementor-section-items-middle\" data-id=\"a533e75\" data-element_type=\"section\">\n\t\t\t\t\t\t<div class=\"elementor-container elementor-column-gap-default\">\n\t\t\t\t\t<div class=\"elementor-column elementor-col-33 elementor-top-column elementor-element elementor-element-89fcc4b\" data-id=\"89fcc4b\" data-element_type=\"column\">\n\t\t\t<div class=\"elementor-widget-wrap elementor-element-populated\">\n\t\t\t\t\t\t\t\t<div class=\"elementor-element elementor-element-60845b6 toggling_image aleft height_full elementor-widget elementor-widget-wgl-service-1\" data-id=\"60845b6\" data-element_type=\"widget\" data-widget_type=\"wgl-service-1.default\">\n\t\t\t\t<div class=\"elementor-widget-container\">\n\t\t\t            <a class=\"wgl-service_link\" href=\"https:\/\/www.maratondebno.pl\/historia-maratonu-debno\/\"><\/a><div class=\"wgl-service-1  breakpoint_on-desktop breakpoint_on-tablet breakpoint_on-mobile\"><h3 class=\"wgl-service_title\"><span class=\"service_title\">Geschichte des D\u0119bno-Marathons<\/span><\/h3>                <div class=\"wgl-service_wrapper_description\">\r\n                    <div class=\"wgl-service_description\">Erfahren Sie mehr \u00fcber die Geschichte des \u00e4ltesten Marathons in Polen                    <\/div>\r\n                <\/div><\/div>\t\t<\/div>\n\t\t\t\t<\/div>\n\t\t\t\t\t<\/div>\n\t\t<\/div>\n\t\t\t\t<div class=\"elementor-column elementor-col-33 elementor-top-column elementor-element elementor-element-6067860\" data-id=\"6067860\" data-element_type=\"column\">\n\t\t\t<div class=\"elementor-widget-wrap elementor-element-populated\">\n\t\t\t\t\t\t\t\t<div class=\"elementor-element elementor-element-db7885c toggling_image aleft height_full elementor-widget elementor-widget-wgl-service-1\" data-id=\"db7885c\" data-element_type=\"widget\" data-widget_type=\"wgl-service-1.default\">\n\t\t\t\t<div class=\"elementor-widget-container\">\n\t\t\t            <a class=\"wgl-service_link\" href=\"https:\/\/www.maratondebno.pl\/zwyciezcy-maratonu-debno\/\"><\/a><div class=\"wgl-service-1  breakpoint_on-desktop breakpoint_on-tablet breakpoint_on-mobile\"><h3 class=\"wgl-service_title\"><span class=\"service_title\">Bisherige Gewinner<\/span><\/h3>                <div class=\"wgl-service_wrapper_description\">\r\n                    <div class=\"wgl-service_description\">Treffen Sie die schnellsten Konkurrenten aller Editionen                    <\/div>\r\n                <\/div><\/div>\t\t<\/div>\n\t\t\t\t<\/div>\n\t\t\t\t\t<\/div>\n\t\t<\/div>\n\t\t\t\t<div class=\"elementor-column elementor-col-33 elementor-top-column elementor-element elementor-element-386ddad\" data-id=\"386ddad\" data-element_type=\"column\">\n\t\t\t<div class=\"elementor-widget-wrap elementor-element-populated\">\n\t\t\t\t\t\t\t\t<div class=\"elementor-element elementor-element-b9fea49 toggling_image aleft height_full elementor-widget elementor-widget-wgl-service-1\" data-id=\"b9fea49\" data-element_type=\"widget\" data-widget_type=\"wgl-service-1.default\">\n\t\t\t\t<div class=\"elementor-widget-container\">\n\t\t\t            <a class=\"wgl-service_link\" href=\"https:\/\/www.maratondebno.pl\/rekordy-maratonu-debno\/\"><\/a><div class=\"wgl-service-1  breakpoint_on-desktop breakpoint_on-tablet breakpoint_on-mobile\"><h3 class=\"wgl-service_title\"><span class=\"service_title\">Marathon-Rekorde werden aufgestellt<\/span><\/h3>                <div class=\"wgl-service_wrapper_description\">\r\n                    <div class=\"wgl-service_description\">Entdecken Sie beeindruckende Marathon-Rekorde                    <\/div>\r\n                <\/div><\/div>\t\t<\/div>\n\t\t\t\t<\/div>\n\t\t\t\t\t<\/div>\n\t\t<\/div>\n\t\t\t\t\t\t\t<\/div>\n\t\t<\/section>\n\t\t\t\t\t\t\t<\/div>","protected":false},"excerpt":{"rendered":"<p>Marathon Ten \u2013 Neuigkeiten: Wir freuen uns, die Ver\u00f6ffentlichung des Reglements und den Start der Anmeldung f\u00fcr den Marathon Ten 2025 bekanntzugeben. Der Lauf findet am 19. Oktober 2025 als Rahmenprogramm des 51. D\u0119bno-Marathons statt. Anmeldung\u2026 weiterlesen Anmeldung zum 51. D\u0119bno-Marathon 2025: Wir freuen uns, die Ver\u00f6ffentlichung des Reglements und den Start der Anmeldung f\u00fcr den 51. D\u0119bno-Marathon 2025 bekanntzugeben. Der Lauf findet am 19. Oktober 2025 statt. Anmeldung [\u2026]<\/p>","protected":false},"author":1,"featured_media":0,"parent":0,"menu_order":0,"comment_status":"closed","ping_status":"closed","template":"","meta":{"footnotes":""},"_links":{"self":[{"href":"https:\/\/www.maratondebno.pl\/de\/wp-json\/wp\/v2\/pages\/1866"}],"collection":[{"href":"https:\/\/www.maratondebno.pl\/de\/wp-json\/wp\/v2\/pages"}],"about":[{"href":"https:\/\/www.maratondebno.pl\/de\/wp-json\/wp\/v2\/types\/page"}],"author":[{"embeddable":true,"href":"https:\/\/www.maratondebno.pl\/de\/wp-json\/wp\/v2\/users\/1"}],"replies":[{"embeddable":true,"href":"https:\/\/www.maratondebno.pl\/de\/wp-json\/wp\/v2\/comments?post=1866"}],"version-history":[{"count":283,"href":"https:\/\/www.maratondebno.pl\/de\/wp-json\/wp\/v2\/pages\/1866\/revisions"}],"predecessor-version":[{"id":5413,"href":"https:\/\/www.maratondebno.pl\/de\/wp-json\/wp\/v2\/pages\/1866\/revisions\/5413"}],"wp:attachment":[{"href":"https:\/\/www.maratondebno.pl\/de\/wp-json\/wp\/v2\/media?parent=1866"}],"curies":[{"name":"wp","href":"https:\/\/api.w.org\/{rel}","templated":true}]}}